{"id":29506,"date":"2023-02-19T17:05:01","date_gmt":"2023-02-19T16:05:01","guid":{"rendered":"https:\/\/www.nowellia.be\/?post_type=product&#038;p=29506"},"modified":"2023-02-19T17:06:31","modified_gmt":"2023-02-19T16:06:31","slug":"rapport-des-inventaires-menes-en-2022-dans-10-sites-situes-en-province-de-namur","status":"publish","type":"product","link":"https:\/\/www.nowellia.be\/en\/product\/rapport-des-inventaires-menes-en-2022-dans-10-sites-situes-en-province-de-namur\/","title":{"rendered":"Rapport des inventaires men\u00e9s en 2022 dans 10 sites situ\u00e9s en Province de Namur"},"content":{"rendered":"","protected":false},"excerpt":{"rendered":"<p>En 2021 le SPW-Environnement-Nature a confi\u00e9 \u00e0 la Fondation la r\u00e9alisation d\u2019inventaires des bryophytes dans 10 sites en Province de Namur.<br \/>\nOlivier ROBERFROID a organis\u00e9 les diverses sorties de terrain, avec des bryologues amateurs ou avertis, ainsi que des s\u00e9ances en laboratoire \u00e0 la Maison de la Bryologie de Vierves-sur-Viroin.<br \/>\nL\u2019ouvrage de 46 pages reprend les r\u00e9sultats de ces inventaires, chaque site est d\u00e9crit et des mesures de gestion sont sugg\u00e9r\u00e9es. Une liste des esp\u00e8ces observ\u00e9es est fournie.<br \/>\nDisponible en version papier au prix de 15 euros pour la Belgique et 20 euros pour la France.<\/p>","protected":false},"featured_media":29507,"comment_status":"open","ping_status":"closed","template":"","meta":{"_et_pb_use_builder":"","_et_pb_old_content":"","_et_gb_content_width":"","sfsi_plus_gutenberg_text_before_share":"","sfsi_plus_gutenberg_show_text_before_share":"","sfsi_plus_gutenberg_icon_type":"","sfsi_plus_gutenberg_icon_alignemt":"","sfsi_plus_gutenburg_max_per_row":""},"product_brand":[],"product_cat":[42],"product_tag":[],"class_list":{"0":"post-29506","1":"product","2":"type-product","3":"status-publish","4":"has-post-thumbnail","6":"product_cat-fiches","8":"first","9":"instock","10":"shipping-taxable","11":"purchasable","12":"product-type-simple"},"_links":{"self":[{"href":"https:\/\/www.nowellia.be\/en\/wp-json\/wp\/v2\/product\/29506","targetHints":{"allow":["GET"]}}],"collection":[{"href":"https:\/\/www.nowellia.be\/en\/wp-json\/wp\/v2\/product"}],"about":[{"href":"https:\/\/www.nowellia.be\/en\/wp-json\/wp\/v2\/types\/product"}],"replies":[{"embeddable":true,"href":"https:\/\/www.nowellia.be\/en\/wp-json\/wp\/v2\/comments?post=29506"}],"wp:featuredmedia":[{"embeddable":true,"href":"https:\/\/www.nowellia.be\/en\/wp-json\/wp\/v2\/media\/29507"}],"wp:attachment":[{"href":"https:\/\/www.nowellia.be\/en\/wp-json\/wp\/v2\/media?parent=29506"}],"wp:term":[{"taxonomy":"product_brand","embeddable":true,"href":"https:\/\/www.nowellia.be\/en\/wp-json\/wp\/v2\/product_brand?post=29506"},{"taxonomy":"product_cat","embeddable":true,"href":"https:\/\/www.nowellia.be\/en\/wp-json\/wp\/v2\/product_cat?post=29506"},{"taxonomy":"product_tag","embeddable":true,"href":"https:\/\/www.nowellia.be\/en\/wp-json\/wp\/v2\/product_tag?post=29506"}],"curies":[{"name":"wp","href":"https:\/\/api.w.org\/{rel}","templated":true}]}}