{"id":318,"date":"2018-04-09T13:57:55","date_gmt":"2018-04-09T11:57:55","guid":{"rendered":"http:\/\/new.nowellia.be\/?page_id=318"},"modified":"2021-04-14T22:49:13","modified_gmt":"2021-04-14T20:49:13","slug":"1-9-dons-et-collaborations","status":"publish","type":"page","link":"https:\/\/www.nowellia.be\/en\/1-9-dons-et-collaborations\/","title":{"rendered":"1.9 Donation and collaborations"},"content":{"rendered":"<p>[et_pb_section fb_built=\u00a0\u00bb1&Prime; _builder_version=\u00a0\u00bb4.9.0&Prime;][et_pb_row column_structure=\u00a0\u00bb3_4,1_4&Prime; _builder_version=\u00a0\u00bb3.25&Prime; background_size=\u00a0\u00bbinitial\u00a0\u00bb background_position=\u00a0\u00bbtop_left\u00a0\u00bb background_repeat=\u00a0\u00bbrepeat\u00a0\u00bb][et_pb_column type=\u00a0\u00bb3_4&Prime; _builder_version=\u00a0\u00bb3.25&Prime; custom_padding=\u00a0\u00bb|||\u00a0\u00bb custom_padding__hover=\u00a0\u00bb|||\u00a0\u00bb][et_pb_text _builder_version=\u00a0\u00bb4.9.2&Prime; background_size=\u00a0\u00bbinitial\u00a0\u00bb background_position=\u00a0\u00bbtop_left\u00a0\u00bb background_repeat=\u00a0\u00bbrepeat\u00a0\u00bb custom_padding=\u00a0\u00bb||0px|||\u00a0\u00bb hover_enabled=\u00a0\u00bb0&Prime; sticky_enabled=\u00a0\u00bb0&Prime;]<\/p>\n<p><span style=\"color: inherit; font-size: 1.95em; font-weight: 600;\">Dons et collaborations<\/span><\/p>\n<p>&nbsp;<\/p>\n<div class=\"art-post-inner\">\n<p>Comme la revue <em>Nowellia bryologica<\/em> est \u00e9dit\u00e9e \u00e0 \u00ab\u00a0compte d\u2019auteur\u00a0\u00bb sur fonds propres et que nombre d\u2019exemplaires sont distribu\u00e9s aupr\u00e8s de diverses instances scientifiques, il est \u00e9vident que tout don de votre part, ou majoration de votre abonnement, sera le bienvenu afin de pouvoir continuer nos missions et services.<\/p>\n<p>Une collaboration r\u00e9ciproque avec tout organisme scientifique ou autre est envisageable.<\/p>\n<p>Pour ce faire il suffit de <a href=\"\/contact\/\">nous contacter<\/a> .<\/p>\n<\/div>\n<p>&nbsp;<\/p>\n<p>[\/et_pb_text][\/et_pb_column][et_pb_column type=\u00a0\u00bb1_4&Prime; _builder_version=\u00a0\u00bb3.25&Prime; custom_padding=\u00a0\u00bb|||\u00a0\u00bb custom_padding__hover=\u00a0\u00bb|||\u00a0\u00bb][et_pb_sidebar _builder_version=\u00a0\u00bb4.9.2&Prime; _module_preset=\u00a0\u00bbdefault\u00a0\u00bb][\/et_pb_sidebar][\/et_pb_column][\/et_pb_row][\/et_pb_section]<\/p>\n","protected":false},"excerpt":{"rendered":"<p>Dons et collaborations &nbsp; Comme la revue Nowellia bryologica est \u00e9dit\u00e9e \u00e0 \u00ab\u00a0compte d\u2019auteur\u00a0\u00bb sur fonds propres et que nombre d\u2019exemplaires sont distribu\u00e9s aupr\u00e8s de diverses instances scientifiques, il est \u00e9vident que tout don de votre part, ou majoration de votre abonnement, sera le bienvenu afin de pouvoir continuer nos missions et services. Une collaboration [&hellip;]<\/p>\n","protected":false},"author":3,"featured_media":0,"parent":0,"menu_order":0,"comment_status":"closed","ping_status":"closed","template":"","meta":{"_et_pb_use_builder":"on","_et_pb_old_content":"<span style=\"color: inherit; font-size: 1.95em; font-weight: 600;\">Dons et collaborations<\/span>\n<div class=\"art-post-inner\">\n\nComme la revue <em>Nowellia bryologica<\/em> est \u00e9dit\u00e9e \u00e0 \u00ab\u00a0compte d\u2019auteur\u00a0\u00bb sur fonds propres et que nombre d\u2019exemplaires sont distribu\u00e9s aupr\u00e8s de diverses instances scientifiques, il est \u00e9vident que tout don de votre part, ou majoration de votre abonnement, sera le bienvenu afin de pouvoir continuer nos missions et services.\n\nUne collaboration r\u00e9ciproque avec tout organisme scientifique ou autre est envisageable.\n\nPour ce faire il suffit de <a href=\"\/?page_id=165\">nous contacter<\/a> .\n\n<\/div>\n<table class=\"category\">\n<tbody>\n<tr class=\"cat-list-row0\">\n<td class=\"list-title\"><a href=\"\/?page_id=252\">1.1 Historique<\/a><\/td>\n<\/tr>\n<tr class=\"cat-list-row1\">\n<td class=\"list-title\"><a href=\"\/?page_id=269\"> 1.2 Le r\u00e9dacteur &amp; sa bibliographie<\/a><\/td>\n<\/tr>\n<tr class=\"cat-list-row0\">\n<td class=\"list-title\"><a href=\"\/?page_id=272\"> 1.3 Revues publi\u00e9es en PDF<\/a><\/td>\n<\/tr>\n<tr class=\"cat-list-row1\">\n<td class=\"list-title\"><a href=\"\/?page_id=295\"> 1.4 Soumettre un article<\/a><\/td>\n<\/tr>\n<tr class=\"cat-list-row0\">\n<td class=\"list-title\"><a href=\"\/?page_id=298\"> 1.5 S\u2019abonner<\/a><\/td>\n<\/tr>\n<tr class=\"cat-list-row1\">\n<td class=\"list-title\"><a href=\"\/?page_id=306\"> 1.6 Le service \u00ab D\u00e9termination \u00bb<\/a><\/td>\n<\/tr>\n<tr class=\"cat-list-row0\">\n<td class=\"list-title\"><a href=\"\/?page_id=308\"> 1.7 Herbier et biblioth\u00e8que<\/a><\/td>\n<\/tr>\n<tr class=\"cat-list-row1\">\n<td class=\"list-title\"><a href=\"\/?page_id=315\"> 1.8 Documents t\u00e9l\u00e9chargeables<\/a><\/td>\n<\/tr>\n<tr class=\"cat-list-row0\">\n<td class=\"list-title\"><a href=\"\/?page_id=318\"> 1.9 Dons et collaborations<\/a><\/td>\n<\/tr>\n<\/tbody>\n<\/table>","_et_gb_content_width":"","sfsi_plus_gutenberg_text_before_share":"","sfsi_plus_gutenberg_show_text_before_share":"","sfsi_plus_gutenberg_icon_type":"","sfsi_plus_gutenberg_icon_alignemt":"","sfsi_plus_gutenburg_max_per_row":"","footnotes":""},"class_list":["post-318","page","type-page","status-publish","hentry"],"_links":{"self":[{"href":"https:\/\/www.nowellia.be\/en\/wp-json\/wp\/v2\/pages\/318","targetHints":{"allow":["GET"]}}],"collection":[{"href":"https:\/\/www.nowellia.be\/en\/wp-json\/wp\/v2\/pages"}],"about":[{"href":"https:\/\/www.nowellia.be\/en\/wp-json\/wp\/v2\/types\/page"}],"author":[{"embeddable":true,"href":"https:\/\/www.nowellia.be\/en\/wp-json\/wp\/v2\/users\/3"}],"replies":[{"embeddable":true,"href":"https:\/\/www.nowellia.be\/en\/wp-json\/wp\/v2\/comments?post=318"}],"version-history":[{"count":2,"href":"https:\/\/www.nowellia.be\/en\/wp-json\/wp\/v2\/pages\/318\/revisions"}],"predecessor-version":[{"id":29192,"href":"https:\/\/www.nowellia.be\/en\/wp-json\/wp\/v2\/pages\/318\/revisions\/29192"}],"wp:attachment":[{"href":"https:\/\/www.nowellia.be\/en\/wp-json\/wp\/v2\/media?parent=318"}],"curies":[{"name":"wp","href":"https:\/\/api.w.org\/{rel}","templated":true}]}}