{"id":308,"date":"2018-04-09T13:50:53","date_gmt":"2018-04-09T11:50:53","guid":{"rendered":"http:\/\/new.nowellia.be\/?page_id=308"},"modified":"2026-05-11T08:06:01","modified_gmt":"2026-05-11T06:06:01","slug":"1-7-herbier-et-bibliotheque","status":"publish","type":"page","link":"https:\/\/www.nowellia.be\/en\/1-7-herbier-et-bibliotheque\/","title":{"rendered":"1.7 Herbarium &amp; Library"},"content":{"rendered":"<p>[et_pb_section fb_built=\u00a0\u00bb1&Prime; admin_label=\u00a0\u00bbsection\u00a0\u00bb _builder_version=\u00a0\u00bb4.16&Prime; global_colors_info=\u00a0\u00bb{}\u00a0\u00bb][et_pb_row column_structure=\u00a0\u00bb3_4,1_4&Prime; admin_label=\u00a0\u00bbrow\u00a0\u00bb _builder_version=\u00a0\u00bb4.16&Prime; background_size=\u00a0\u00bbinitial\u00a0\u00bb background_position=\u00a0\u00bbtop_left\u00a0\u00bb background_repeat=\u00a0\u00bbrepeat\u00a0\u00bb global_colors_info=\u00a0\u00bb{}\u00a0\u00bb][et_pb_column type=\u00a0\u00bb3_4&Prime; _builder_version=\u00a0\u00bb4.16&Prime; custom_padding=\u00a0\u00bb|||\u00a0\u00bb global_colors_info=\u00a0\u00bb{}\u00a0\u00bb custom_padding__hover=\u00a0\u00bb|||\u00a0\u00bb][et_pb_text admin_label=\u00a0\u00bbText\u00a0\u00bb _builder_version=\u00a0\u00bb4.27.6&Prime; background_size=\u00a0\u00bbinitial\u00a0\u00bb background_position=\u00a0\u00bbtop_left\u00a0\u00bb background_repeat=\u00a0\u00bbrepeat\u00a0\u00bb hover_enabled=\u00a0\u00bb0&Prime; global_colors_info=\u00a0\u00bb{}\u00a0\u00bb sticky_enabled=\u00a0\u00bb0&Prime;]<\/p>\n<p><span style=\"color: inherit; font-size: 1.95em; font-weight: 600;\">Herbier et biblioth\u00e8que<\/span><span style=\"color: inherit; font-size: 1.95em; font-weight: 600;\"><\/span><\/p>\n<div class=\"art-post-inner\">\n<div class=\"wpb_text_column wpb_content_element \">\n<div class=\"wpb_wrapper\">\n<div class=\"art-post-inner\">\n<div class=\"art-postcontent\">\n<div class=\"art-article\">\n<p>&nbsp;<\/p>\n<p>Biblioth\u00e8ques bryologiques : elles sont accessibles sur rendez-vous aupr\u00e8s de Camille Cassimans (<a href=\"mailto:nowellia@skynet.be\" target=\"_blank\" rel=\"noopener\">nowellia@skynet.be<\/a>\u00a0 0472\/575370) et situ\u00e9es \u00e0 Vierves-sur-Viroin dans un des b\u00e2timents des Cercles des Naturalistes de Belgique asbl.<\/p>\n<\/div>\n<\/div>\n<\/div>\n<\/div>\n<\/div>\n<\/div>\n<p>[\/et_pb_text][\/et_pb_column][et_pb_column type=\u00a0\u00bb1_4&Prime; _builder_version=\u00a0\u00bb4.16&Prime; custom_padding=\u00a0\u00bb|||\u00a0\u00bb global_colors_info=\u00a0\u00bb{}\u00a0\u00bb custom_padding__hover=\u00a0\u00bb|||\u00a0\u00bb][et_pb_sidebar _builder_version=\u00a0\u00bb4.16&Prime; _module_preset=\u00a0\u00bbdefault\u00a0\u00bb global_colors_info=\u00a0\u00bb{}\u00a0\u00bb][\/et_pb_sidebar][\/et_pb_column][\/et_pb_row][\/et_pb_section]<\/p>\n","protected":false},"excerpt":{"rendered":"<p>Herbier et biblioth\u00e8que &nbsp; Biblioth\u00e8ques bryologiques : elles sont accessibles sur rendez-vous aupr\u00e8s de Camille Cassimans (nowellia@skynet.be\u00a0 0472\/575370) et situ\u00e9es \u00e0 Vierves-sur-Viroin dans un des b\u00e2timents des Cercles des Naturalistes de Belgique asbl.<\/p>","protected":false},"author":3,"featured_media":0,"parent":0,"menu_order":0,"comment_status":"closed","ping_status":"closed","template":"","meta":{"_et_pb_use_builder":"on","_et_pb_old_content":"<span style=\"color: inherit; font-size: 1.95em; font-weight: 600;\">Herbier et biblioth\u00e8que<\/span>\n<div class=\"art-post-inner\">\n<div class=\"wpb_text_column wpb_content_element \">\n<div class=\"wpb_wrapper\">\n<div class=\"art-post-inner\">\n<div class=\"art-postcontent\">\n<div class=\"art-article\">\n\nL\u2019herbier de la section \u00ab\u00a0Bryologie\u00a0\u00bb du Centre Marie-Victorin est g\u00e9r\u00e9 par Monsieur Camille Cassimans. Il est accessible pour \u00e9tudes moyennant la prise d\u2019un rendez-vous avec lui en t\u00e9l\u00e9phonant au +32 (0)60 31 29 42\u00a0 et +32 (0)477 55 73 25.\u00a0 L\u2019herbier est en cours d\u2019informatisation et il est possible d\u2019en obtenir copie\u00a0<a href=\"\/?page_id=165\">sur demande<\/a>\n\nLa biblioth\u00e8que et les tir\u00e9s-\u00e0-part (class\u00e9s par th\u00e8me) sont aussi accessibles sur rendez-vous et font \u00e9galement \u00a0l\u2019objet d\u2019une informatisation. Copie des ces fichiers peut \u00eatre obtenue <a href=\"\/?page_id=165\">sur demande<\/a>\n\nDes photocopies peuvent \u00eatre fournies au prix co\u00fbtant et \u00eatre envoy\u00e9es par la poste.\n\n<\/div>\n<\/div>\n<\/div>\n<\/div>\n<\/div>\n<\/div>","_et_gb_content_width":"","sfsi_plus_gutenberg_text_before_share":"","sfsi_plus_gutenberg_show_text_before_share":"","sfsi_plus_gutenberg_icon_type":"","sfsi_plus_gutenberg_icon_alignemt":"","sfsi_plus_gutenburg_max_per_row":"","footnotes":""},"class_list":["post-308","page","type-page","status-publish","hentry"],"_links":{"self":[{"href":"https:\/\/www.nowellia.be\/en\/wp-json\/wp\/v2\/pages\/308","targetHints":{"allow":["GET"]}}],"collection":[{"href":"https:\/\/www.nowellia.be\/en\/wp-json\/wp\/v2\/pages"}],"about":[{"href":"https:\/\/www.nowellia.be\/en\/wp-json\/wp\/v2\/types\/page"}],"author":[{"embeddable":true,"href":"https:\/\/www.nowellia.be\/en\/wp-json\/wp\/v2\/users\/3"}],"replies":[{"embeddable":true,"href":"https:\/\/www.nowellia.be\/en\/wp-json\/wp\/v2\/comments?post=308"}],"version-history":[{"count":4,"href":"https:\/\/www.nowellia.be\/en\/wp-json\/wp\/v2\/pages\/308\/revisions"}],"predecessor-version":[{"id":29777,"href":"https:\/\/www.nowellia.be\/en\/wp-json\/wp\/v2\/pages\/308\/revisions\/29777"}],"wp:attachment":[{"href":"https:\/\/www.nowellia.be\/en\/wp-json\/wp\/v2\/media?parent=308"}],"curies":[{"name":"wp","href":"https:\/\/api.w.org\/{rel}","templated":true}]}}