{"id":298,"date":"2018-04-09T13:41:33","date_gmt":"2018-04-09T11:41:33","guid":{"rendered":"http:\/\/new.nowellia.be\/?page_id=298"},"modified":"2021-12-01T00:37:41","modified_gmt":"2021-11-30T23:37:41","slug":"1-5-sabonner","status":"publish","type":"page","link":"https:\/\/www.nowellia.be\/en\/1-5-sabonner\/","title":{"rendered":"1.5 Suscribe"},"content":{"rendered":"<p>[et_pb_section fb_built=\u00a0\u00bb1&Prime; admin_label=\u00a0\u00bbsection\u00a0\u00bb _builder_version=\u00a0\u00bb3.22&Prime; global_colors_info=\u00a0\u00bb{}\u00a0\u00bb][et_pb_row admin_label=\u00a0\u00bbrow\u00a0\u00bb _builder_version=\u00a0\u00bb3.25&Prime; background_size=\u00a0\u00bbinitial\u00a0\u00bb background_position=\u00a0\u00bbtop_left\u00a0\u00bb background_repeat=\u00a0\u00bbrepeat\u00a0\u00bb global_colors_info=\u00a0\u00bb{}\u00a0\u00bb][et_pb_column type=\u00a0\u00bb4_4&Prime; _builder_version=\u00a0\u00bb3.25&Prime; custom_padding=\u00a0\u00bb|||\u00a0\u00bb global_colors_info=\u00a0\u00bb{}\u00a0\u00bb custom_padding__hover=\u00a0\u00bb|||\u00a0\u00bb][et_pb_text admin_label=\u00a0\u00bbText\u00a0\u00bb _builder_version=\u00a0\u00bb3.27.4&Prime; background_size=\u00a0\u00bbinitial\u00a0\u00bb background_position=\u00a0\u00bbtop_left\u00a0\u00bb background_repeat=\u00a0\u00bbrepeat\u00a0\u00bb global_colors_info=\u00a0\u00bb{}\u00a0\u00bb]<\/p>\n<p><span style=\"color: inherit; font-size: 1.95em; font-weight: 600;\">S\u2019abonner<\/span><\/p>\n<div class=\"art-post-inner\">\n<div class=\"art-postcontent\">\n<div class=\"art-article\">\n<h4>Pour la Belgique :<\/h4>\n<p>Verser le montant de <strong>15 \u20ac <\/strong>par ann\u00e9e sur le compte <strong>de la Fondation<\/strong>\u00a0(<strong>code <\/strong><strong>IBAN<\/strong>: BE36.6528.1246.2281 <strong>BIC<\/strong> : BBRUBEBB), avec la mention\u00a0\u00a0 <strong>\u00ab\u00a0<em>revue Nowellia<\/em> \u00bb.<\/strong><\/p>\n<h4>Pour la France (25 \u20ac par an) :<\/h4>\n<p class=\"gmail-m-1132178668622350456msolistparagraph\" style=\"margin: 0cm 0cm .0001pt 72.0pt;\"><span style=\"color: #000000;\"><i>a.<\/i><i><span style=\"font-size: 7pt; font-family: 'Times New Roman', serif;\">\u00a0\u00a0\u00a0\u00a0\u00a0\u00a0\u00a0<\/span>Soit un virement\u00a0 europ\u00e9en,\u00a0<b>SEPA<\/b>\u00a0sur le compte de la Fondation Bryologique\u00a0 IBAN\u00a0: BE36.6528.1246.2281\u00a0 BIC\u00a0: BBRUBEBB<\/i><\/span><\/p>\n<p class=\"gmail-m-1132178668622350456msolistparagraph\" style=\"margin: 0cm 0cm .0001pt 72.0pt;\"><span style=\"color: #000000;\"><i>b.<\/i><i><span style=\"font-size: 7pt; font-family: 'Times New Roman', serif;\">\u00a0\u00a0\u00a0\u00a0\u00a0\u00a0<\/span>Soit en envoyant un ch\u00e8que libell\u00e9 alors au nom des <strong>\u00ab\u00a0Cercles des Naturalistes de Belgique asbl\u00a0\u00bb<\/strong><\/i><\/span><\/p>\n<h4>\u00a0Pour les autres pays (30 \u20ac par an) :<\/h4>\n<p class=\"gmail-m-1132178668622350456msolistparagraph\" style=\"margin: 0cm 0cm .0001pt 72.0pt;\"><span style=\"color: #000000;\"><i>a.<\/i><i><span style=\"font-size: 7pt; font-family: 'Times New Roman', serif;\">\u00a0\u00a0\u00a0\u00a0\u00a0\u00a0\u00a0<\/span>Soit un virement\u00a0 europ\u00e9en,<b>\u00a0SEPA<\/b>\u00a0sur le compte de la Fondation Bryologique\u00a0 IBAN\u00a0: BE36.6528.1246.2281\u00a0 BIC\u00a0: BBRUBEBB<\/i><\/span><\/p>\n<p class=\"gmail-m-1132178668622350456msolistparagraph\" style=\"margin: 0cm 0cm .0001pt 72.0pt;\"><span style=\"color: #000000;\"><i>b.<\/i><i><span style=\"font-size: 7pt; font-family: 'Times New Roman', serif;\">\u00a0\u00a0\u00a0\u00a0\u00a0\u00a0<\/span>Via Western Union mais en nous contactant pr\u00e9alablement \u00e0\u00a0<a style=\"color: #000000;\" href=\"mailto:nowellia@skynet.be\" target=\"_blank\" rel=\"noopener noreferrer\">nowellia@skynet.be<\/a><\/i><\/span><\/p>\n<p>D\u00e8s r\u00e9ception du paiement, les brochures vous seront envoy\u00e9es.<\/p>\n<\/div>\n<\/div>\n<\/div>\n<p>[\/et_pb_text][\/et_pb_column][\/et_pb_row][\/et_pb_section]<\/p>\n","protected":false},"excerpt":{"rendered":"<p>S\u2019abonner Pour la Belgique : Verser le montant de 15 \u20ac par ann\u00e9e sur le compte de la Fondation\u00a0(code IBAN: BE36.6528.1246.2281 BIC : BBRUBEBB), avec la mention\u00a0\u00a0 \u00ab\u00a0revue Nowellia \u00bb. Pour la France (25 \u20ac par an) : a.\u00a0\u00a0\u00a0\u00a0\u00a0\u00a0\u00a0Soit un virement\u00a0 europ\u00e9en,\u00a0SEPA\u00a0sur le compte de la Fondation Bryologique\u00a0 IBAN\u00a0: BE36.6528.1246.2281\u00a0 BIC\u00a0: BBRUBEBB b.\u00a0\u00a0\u00a0\u00a0\u00a0\u00a0Soit en envoyant [&hellip;]<\/p>\n","protected":false},"author":3,"featured_media":0,"parent":0,"menu_order":0,"comment_status":"closed","ping_status":"closed","template":"","meta":{"_et_pb_use_builder":"on","_et_pb_old_content":"<span style=\"color: inherit; font-size: 1.95em; font-weight: 600;\">S\u2019abonner<\/span>\n<div class=\"art-post-inner\">\n<div class=\"art-postcontent\">\n<div class=\"art-article\">\n<h4>Pour la Belgique :<\/h4>\nVerser le montant de <strong>15 \u20ac <\/strong>par ann\u00e9e sur le compte <strong>de la Fondation<\/strong>\u00a0(<strong>code <\/strong><strong>IBAN<\/strong>: BE36.6528.1246.2281 <strong>BIC<\/strong> : BBRUBEBB), avec la mention\u00a0\u00a0 <strong>\u00ab\u00a0<em>revue Nowellia<\/em> \u00bb.<\/strong>\n<h4>Pour la France (20 \u20ac par an) :<\/h4>\n<p class=\"gmail-m-1132178668622350456msolistparagraph\" style=\"margin: 0cm 0cm .0001pt 72.0pt;\"><span style=\"color: #000000;\"><i>a.<\/i><i><span style=\"font-size: 7pt; font-family: 'Times New Roman', serif;\">\u00a0\u00a0\u00a0\u00a0\u00a0\u00a0\u00a0<\/span>Soit un virement\u00a0 europ\u00e9en,\u00a0<b>SEPA<\/b>\u00a0sur le compte de la Fondation Bryologique\u00a0 IBAN\u00a0: BE36.6528.1246.2281\u00a0 BIC\u00a0: BBRUBEBB<\/i><\/span><\/p>\n<p class=\"gmail-m-1132178668622350456msolistparagraph\" style=\"margin: 0cm 0cm .0001pt 72.0pt;\"><span style=\"color: #000000;\"><i>b.<\/i><i><span style=\"font-size: 7pt; font-family: 'Times New Roman', serif;\">\u00a0\u00a0\u00a0\u00a0\u00a0\u00a0<\/span>Soit en envoyant un ch\u00e8que libell\u00e9 alors au nom des <strong>\u00ab\u00a0Cercles des Naturalistes de Belgique asbl\u00a0\u00bb<\/strong><\/i><\/span><\/p>\n\n<h4>\u00a0Pour les autres pays (25 \u20ac par an) :<\/h4>\n<p class=\"gmail-m-1132178668622350456msolistparagraph\" style=\"margin: 0cm 0cm .0001pt 72.0pt;\"><span style=\"color: #000000;\"><i>a.<\/i><i><span style=\"font-size: 7pt; font-family: 'Times New Roman', serif;\">\u00a0\u00a0\u00a0\u00a0\u00a0\u00a0\u00a0<\/span>Soit un virement\u00a0 europ\u00e9en,<b>\u00a0SEPA<\/b>\u00a0sur le compte de la Fondation Bryologique\u00a0 IBAN\u00a0: BE36.6528.1246.2281\u00a0 BIC\u00a0: BBRUBEBB<\/i><\/span><\/p>\n<p class=\"gmail-m-1132178668622350456msolistparagraph\" style=\"margin: 0cm 0cm .0001pt 72.0pt;\"><span style=\"color: #000000;\"><i>b.<\/i><i><span style=\"font-size: 7pt; font-family: 'Times New Roman', serif;\">\u00a0\u00a0\u00a0\u00a0\u00a0\u00a0<\/span>Via Western Union mais en nous contactant pr\u00e9alablement \u00e0\u00a0<a style=\"color: #000000;\" href=\"mailto:nowellia@skynet.be\" target=\"_blank\" rel=\"noopener noreferrer\">nowellia@skynet.be<\/a><\/i><\/span><\/p>\nD\u00e8s r\u00e9ception du paiement, les brochures vous seront envoy\u00e9es.\n\n<\/div>\n<\/div>\n<\/div>","_et_gb_content_width":"","sfsi_plus_gutenberg_text_before_share":"","sfsi_plus_gutenberg_show_text_before_share":"","sfsi_plus_gutenberg_icon_type":"","sfsi_plus_gutenberg_icon_alignemt":"","sfsi_plus_gutenburg_max_per_row":"","footnotes":""},"class_list":["post-298","page","type-page","status-publish","hentry"],"_links":{"self":[{"href":"https:\/\/www.nowellia.be\/en\/wp-json\/wp\/v2\/pages\/298","targetHints":{"allow":["GET"]}}],"collection":[{"href":"https:\/\/www.nowellia.be\/en\/wp-json\/wp\/v2\/pages"}],"about":[{"href":"https:\/\/www.nowellia.be\/en\/wp-json\/wp\/v2\/types\/page"}],"author":[{"embeddable":true,"href":"https:\/\/www.nowellia.be\/en\/wp-json\/wp\/v2\/users\/3"}],"replies":[{"embeddable":true,"href":"https:\/\/www.nowellia.be\/en\/wp-json\/wp\/v2\/comments?post=298"}],"version-history":[{"count":2,"href":"https:\/\/www.nowellia.be\/en\/wp-json\/wp\/v2\/pages\/298\/revisions"}],"predecessor-version":[{"id":29426,"href":"https:\/\/www.nowellia.be\/en\/wp-json\/wp\/v2\/pages\/298\/revisions\/29426"}],"wp:attachment":[{"href":"https:\/\/www.nowellia.be\/en\/wp-json\/wp\/v2\/media?parent=298"}],"curies":[{"name":"wp","href":"https:\/\/api.w.org\/{rel}","templated":true}]}}