{"id":269,"date":"2018-04-09T13:10:58","date_gmt":"2018-04-09T11:10:58","guid":{"rendered":"http:\/\/new.nowellia.be\/?page_id=269"},"modified":"2026-01-01T19:23:59","modified_gmt":"2026-01-01T18:23:59","slug":"1-2-le-redacteur-sa-bibliographie","status":"publish","type":"page","link":"https:\/\/www.nowellia.be\/en\/1-2-le-redacteur-sa-bibliographie\/","title":{"rendered":"1.2 The editor and his bibliography"},"content":{"rendered":"\n[et_pb_section fb_built=\u00a0\u00bb1&Prime; admin_label=\u00a0\u00bbsection\u00a0\u00bb _builder_version=\u00a0\u00bb4.16&Prime; global_colors_info=\u00a0\u00bb{}\u00a0\u00bb][et_pb_row column_structure=\u00a0\u00bb3_4,1_4&Prime; admin_label=\u00a0\u00bbrow\u00a0\u00bb _builder_version=\u00a0\u00bb4.16&Prime; background_size=\u00a0\u00bbinitial\u00a0\u00bb background_position=\u00a0\u00bbtop_left\u00a0\u00bb background_repeat=\u00a0\u00bbrepeat\u00a0\u00bb global_colors_info=\u00a0\u00bb{}\u00a0\u00bb][et_pb_column type=\u00a0\u00bb3_4&Prime; _builder_version=\u00a0\u00bb4.16&Prime; custom_padding=\u00a0\u00bb|||\u00a0\u00bb global_colors_info=\u00a0\u00bb{}\u00a0\u00bb custom_padding__hover=\u00a0\u00bb|||\u00a0\u00bb][et_pb_text admin_label=\u00a0\u00bbText\u00a0\u00bb _builder_version=\u00a0\u00bb4.16&Prime; background_size=\u00a0\u00bbinitial\u00a0\u00bb background_position=\u00a0\u00bbtop_left\u00a0\u00bb background_repeat=\u00a0\u00bbrepeat\u00a0\u00bb global_colors_info=\u00a0\u00bb{}\u00a0\u00bb]<h2 class=\"art-postheader\">Le r\u00e9dacteur &amp; sa bibliographie<\/h2>\n<p><span style=\"font-size: inherit;\">Philippe De Zuttere est n\u00e9 \u00e0 Bruxelles en 1944 et fit une licence en botanique \u00e0 l&rsquo;universit\u00e9 de Li\u00e8ge.<\/span><\/p>\n<div class=\"art-post-inner\">\n<p>Sa passion pour la bryologie lui fut insuffl\u00e9e par son professeur de candidature J.L. De Sloover de la F.U.N.D.P.\u00a0 \u00e0 Namur.<\/p>\n<p>Il fr\u00e9quenta, durant les multiples excursions bryologiques, de nombreux botanistes et\/ou bryologues.<\/p>\n<p>Malgr\u00e9 son m\u00e9tier d&rsquo;enseignant, il mena une carri\u00e8re de bryologue qui lui permit de publier des dizaines d&rsquo;articles, des brochures, etc.<\/p>\n<p>En 1992 il d\u00e9cida de lancer la revue <em>Nowellia bryologica<\/em>.<\/p>\n<p>Son herbier compte pr\u00e8s de 15.000 \u00e9chantillons et la biblioth\u00e8que plus de 1000 ouvrages et de nombreux tir\u00e9s-\u00e0-part.<\/p>\n<p>Philippe De Zuttere est d\u00e9c\u00e9d\u00e9 le 22\/11\/2018 \u00e0 Viroinval.<\/p>\n<p><a href=\"\/download\/docs\/1.2_Bibliographie_de_Philippe_De_Zuttere.pdf\" target=\"_blank\" rel=\"noopener noreferrer\">Cliquez ici pour voir la bibliographie compl\u00e8te.<\/a><\/p>\n<\/div>[\/et_pb_text][\/et_pb_column][et_pb_column type=\u00a0\u00bb1_4&Prime; _builder_version=\u00a0\u00bb4.16&Prime; custom_padding=\u00a0\u00bb|||\u00a0\u00bb global_colors_info=\u00a0\u00bb{}\u00a0\u00bb custom_padding__hover=\u00a0\u00bb|||\u00a0\u00bb][et_pb_sidebar _builder_version=\u00a0\u00bb4.16&Prime; _module_preset=\u00a0\u00bbdefault\u00a0\u00bb custom_margin=\u00a0\u00bb|||-32px||\u00a0\u00bb global_colors_info=\u00a0\u00bb{}\u00a0\u00bb][\/et_pb_sidebar][\/et_pb_column][\/et_pb_row][\/et_pb_section]\n","protected":false},"excerpt":{"rendered":"<p>Le r\u00e9dacteur &amp; sa bibliographie Philippe De Zuttere est n\u00e9 \u00e0 Bruxelles en 1944 et fit une licence en botanique \u00e0 l&rsquo;universit\u00e9 de Li\u00e8ge. Sa passion pour la bryologie lui fut insuffl\u00e9e par son professeur de candidature J.L. De Sloover de la F.U.N.D.P.\u00a0 \u00e0 Namur. Il fr\u00e9quenta, durant les multiples excursions bryologiques, de nombreux botanistes [&hellip;]<\/p>\n","protected":false},"author":3,"featured_media":0,"parent":0,"menu_order":0,"comment_status":"closed","ping_status":"closed","template":"","meta":{"_et_pb_use_builder":"on","_et_pb_old_content":"<h2 class=\"art-postheader\">Le r\u00e9dacteur &amp; sa bibliographie<\/h2>\n<span style=\"font-size: inherit;\">Philippe De Zuttere est n\u00e9 \u00e0 Bruxelles en 1944 et fit une licence en botanique \u00e0 l'universit\u00e9 de Li\u00e8ge.<\/span>\n<div class=\"art-post-inner\">\n\nSa passion pour la bryologie lui fut insuffl\u00e9e par son professeur de candidature J.L. De Sloover de la F.U.N.D.P.\u00a0 \u00e0 Namur.\n\nIl fr\u00e9quenta, durant les multiples excursions bryologiques, de nombreux botanistes et\/ou bryologues.\n\nMalgr\u00e9 son m\u00e9tier d'enseignant, il mena une carri\u00e8re de bryologue qui lui permit de publier des dizaines d'articles, des brochures, etc.\n\nEn 1992 il d\u00e9cida de lancer la revue <em>Nowellia bryologica<\/em>.\n\nSon herbier compte pr\u00e8s de 15.000 \u00e9chantillons et la biblioth\u00e8que plus de 1000 ouvrages et de nombreux tir\u00e9s-\u00e0-part.\n\nPhilippe Dezuttere est d\u00e9c\u00e9d\u00e9 le 22\/11\/2018 \u00e0 Viroinval.\n\n<a href=\"http:\/\/nowellia.be\/download\/docs\/1.2_Bibliographie_de_Philippe_De_Zuttere.pdf\" target=\"_blank\" rel=\"noopener noreferrer\">Cliquez ici pour voir la bibliographie compl\u00e8te.<\/a>\n\n<\/div>","_et_gb_content_width":"","sfsi_plus_gutenberg_text_before_share":"","sfsi_plus_gutenberg_show_text_before_share":"","sfsi_plus_gutenberg_icon_type":"","sfsi_plus_gutenberg_icon_alignemt":"","sfsi_plus_gutenburg_max_per_row":"","footnotes":""},"class_list":["post-269","page","type-page","status-publish","hentry"],"_links":{"self":[{"href":"https:\/\/www.nowellia.be\/en\/wp-json\/wp\/v2\/pages\/269","targetHints":{"allow":["GET"]}}],"collection":[{"href":"https:\/\/www.nowellia.be\/en\/wp-json\/wp\/v2\/pages"}],"about":[{"href":"https:\/\/www.nowellia.be\/en\/wp-json\/wp\/v2\/types\/page"}],"author":[{"embeddable":true,"href":"https:\/\/www.nowellia.be\/en\/wp-json\/wp\/v2\/users\/3"}],"replies":[{"embeddable":true,"href":"https:\/\/www.nowellia.be\/en\/wp-json\/wp\/v2\/comments?post=269"}],"version-history":[{"count":4,"href":"https:\/\/www.nowellia.be\/en\/wp-json\/wp\/v2\/pages\/269\/revisions"}],"predecessor-version":[{"id":29748,"href":"https:\/\/www.nowellia.be\/en\/wp-json\/wp\/v2\/pages\/269\/revisions\/29748"}],"wp:attachment":[{"href":"https:\/\/www.nowellia.be\/en\/wp-json\/wp\/v2\/media?parent=269"}],"curies":[{"name":"wp","href":"https:\/\/api.w.org\/{rel}","templated":true}]}}