{"id":252,"date":"2018-04-09T12:51:57","date_gmt":"2018-04-09T10:51:57","guid":{"rendered":"http:\/\/new.nowellia.be\/?page_id=252"},"modified":"2021-05-16T22:23:52","modified_gmt":"2021-05-16T20:23:52","slug":"1-1-historique","status":"publish","type":"page","link":"https:\/\/www.nowellia.be\/en\/1-1-historique\/","title":{"rendered":"1.1 History"},"content":{"rendered":"<p>[et_pb_section fb_built=\u00a0\u00bb1&Prime; admin_label=\u00a0\u00bbsection\u00a0\u00bb _builder_version=\u00a0\u00bb3.22&Prime;][et_pb_row admin_label=\u00a0\u00bbrow\u00a0\u00bb _builder_version=\u00a0\u00bb3.25&Prime; background_size=\u00a0\u00bbinitial\u00a0\u00bb background_position=\u00a0\u00bbtop_left\u00a0\u00bb background_repeat=\u00a0\u00bbrepeat\u00a0\u00bb column_structure=\u00a0\u00bb3_4,1_4&Prime;][et_pb_column type=\u00a0\u00bb3_4&Prime; _builder_version=\u00a0\u00bb3.25&Prime; custom_padding=\u00a0\u00bb|||\u00a0\u00bb custom_padding__hover=\u00a0\u00bb|||\u00a0\u00bb][et_pb_text admin_label=\u00a0\u00bbText\u00a0\u00bb _builder_version=\u00a0\u00bb3.27.4&Prime; background_size=\u00a0\u00bbinitial\u00a0\u00bb background_position=\u00a0\u00bbtop_left\u00a0\u00bb background_repeat=\u00a0\u00bbrepeat\u00a0\u00bb]<\/p>\n<div class=\"art-post-inner\">\n<h2 class=\"art-postheader\">Historique<\/h2>\n<div class=\"art-postcontent\">\n<div class=\"art-article\">\n<p><em>Nowellia bryologica<\/em> est une revue de bryologie destin\u00e9e aux bryologues amateurs et professionnels.<\/p>\n<p>Elle est ouverte\u00a0 \u00e0 tout bryologue belge ou \u00e9tranger qui souhaite y publier un article en fran\u00e7ais, en n\u00e9erlandais ou en anglais sous sa responsabilit\u00e9.<\/p>\n<p>La revue <em>Nowellia bryologica<\/em> est publi\u00e9e deux fois par an, au format A5 ou A4 et en couleurs.<\/p>\n<p>Elle comporte des articles g\u00e9n\u00e9raux en relation avec la bryologie, des comptes rendus de lecture d&rsquo;ouvrages sp\u00e9cialis\u00e9s, des travaux de bryologie, une rubrique \u00ab\u00a0<em>Votre voyage nous int\u00e9resse<\/em>\u00ab\u00a0, etc. Elle est accessible \u00e0 tout bryologue professionnel ou amateur qui souhaite partager ses connaissances ou d\u00e9couvertes.<\/p>\n<p>La premi\u00e8re \u00e9dition remonte \u00e0 1992 et \u00e9tait en noir et blanc \u00e0 l&rsquo;\u00e9poque.<\/p>\n<\/div>\n<\/div>\n<\/div>\n<p>[\/et_pb_text][\/et_pb_column][et_pb_column type=\u00a0\u00bb1_4&Prime; _builder_version=\u00a0\u00bb3.25&Prime; custom_padding=\u00a0\u00bb|||\u00a0\u00bb custom_padding__hover=\u00a0\u00bb|||\u00a0\u00bb][et_pb_sidebar _builder_version=\u00a0\u00bb4.9.2&Prime; _module_preset=\u00a0\u00bbdefault\u00a0\u00bb hover_enabled=\u00a0\u00bb0&Prime; sticky_enabled=\u00a0\u00bb0&Prime;][\/et_pb_sidebar][\/et_pb_column][\/et_pb_row][\/et_pb_section]<\/p>\n","protected":false},"excerpt":{"rendered":"<p>Historique Nowellia bryologica est une revue de bryologie destin\u00e9e aux bryologues amateurs et professionnels. Elle est ouverte\u00a0 \u00e0 tout bryologue belge ou \u00e9tranger qui souhaite y publier un article en fran\u00e7ais, en n\u00e9erlandais ou en anglais sous sa responsabilit\u00e9. La revue Nowellia bryologica est publi\u00e9e deux fois par an, au format A5 ou A4 et [&hellip;]<\/p>\n","protected":false},"author":3,"featured_media":0,"parent":0,"menu_order":0,"comment_status":"closed","ping_status":"closed","template":"","meta":{"_et_pb_use_builder":"on","_et_pb_old_content":"<div class=\"art-post-inner\">\n<h2 class=\"art-postheader\">Historique<\/h2>\n<div class=\"art-postcontent\">\n<div class=\"art-article\">\n\n<em>Nowellia bryologica<\/em> est une revue de bryologie destin\u00e9e aux bryologues amateurs et professionnels.\n\nElle est ouverte\u00a0 \u00e0 tout bryologue belge ou \u00e9tranger qui souhaite y publier un article en fran\u00e7ais, en n\u00e9erlandais ou en anglais sous sa responsabilit\u00e9.\n\nLa revue <em>Nowellia bryologica<\/em> est publi\u00e9e deux fois par an, au format A5 ou A4 et en couleurs.\n\nElle comporte des articles g\u00e9n\u00e9raux en relation avec la bryologie, des comptes rendus de lecture d'ouvrages sp\u00e9cialis\u00e9s, des travaux de bryologie, une rubrique \"<em>Votre voyage nous int\u00e9resse<\/em>\", etc. Elle est accessible \u00e0 tout bryologue professionnel ou amateur qui souhaite partager ses connaissances ou d\u00e9couvertes.\n\nLa premi\u00e8re \u00e9dition remonte \u00e0 1992 et \u00e9tait en noir et blanc \u00e0 l'\u00e9poque.\n\n<\/div>\n<\/div>\n<\/div>","_et_gb_content_width":"","sfsi_plus_gutenberg_text_before_share":"","sfsi_plus_gutenberg_show_text_before_share":"","sfsi_plus_gutenberg_icon_type":"","sfsi_plus_gutenberg_icon_alignemt":"","sfsi_plus_gutenburg_max_per_row":"","footnotes":""},"class_list":["post-252","page","type-page","status-publish","hentry"],"_links":{"self":[{"href":"https:\/\/www.nowellia.be\/en\/wp-json\/wp\/v2\/pages\/252","targetHints":{"allow":["GET"]}}],"collection":[{"href":"https:\/\/www.nowellia.be\/en\/wp-json\/wp\/v2\/pages"}],"about":[{"href":"https:\/\/www.nowellia.be\/en\/wp-json\/wp\/v2\/types\/page"}],"author":[{"embeddable":true,"href":"https:\/\/www.nowellia.be\/en\/wp-json\/wp\/v2\/users\/3"}],"replies":[{"embeddable":true,"href":"https:\/\/www.nowellia.be\/en\/wp-json\/wp\/v2\/comments?post=252"}],"version-history":[{"count":2,"href":"https:\/\/www.nowellia.be\/en\/wp-json\/wp\/v2\/pages\/252\/revisions"}],"predecessor-version":[{"id":29308,"href":"https:\/\/www.nowellia.be\/en\/wp-json\/wp\/v2\/pages\/252\/revisions\/29308"}],"wp:attachment":[{"href":"https:\/\/www.nowellia.be\/en\/wp-json\/wp\/v2\/media?parent=252"}],"curies":[{"name":"wp","href":"https:\/\/api.w.org\/{rel}","templated":true}]}}