{"id":213,"date":"2018-04-09T11:57:44","date_gmt":"2018-04-09T09:57:44","guid":{"rendered":"http:\/\/new.nowellia.be\/?page_id=213"},"modified":"2021-04-14T22:29:37","modified_gmt":"2021-04-14T20:29:37","slug":"3-prix-decernes","status":"publish","type":"page","link":"https:\/\/www.nowellia.be\/en\/3-prix-decernes\/","title":{"rendered":"3. Prices awarded"},"content":{"rendered":"[et_pb_section fb_built=\u00a0\u00bb1&Prime; admin_label=\u00a0\u00bbsection\u00a0\u00bb _builder_version=\u00a0\u00bb3.22&Prime;][et_pb_row admin_label=\u00a0\u00bbrow\u00a0\u00bb _builder_version=\u00a0\u00bb3.25&Prime; background_size=\u00a0\u00bbinitial\u00a0\u00bb background_position=\u00a0\u00bbtop_left\u00a0\u00bb background_repeat=\u00a0\u00bbrepeat\u00a0\u00bb column_structure=\u00a0\u00bb3_4,1_4&Prime;][et_pb_column type=\u00a0\u00bb3_4&Prime; _builder_version=\u00a0\u00bb3.25&Prime; custom_padding=\u00a0\u00bb|||\u00a0\u00bb custom_padding__hover=\u00a0\u00bb|||\u00a0\u00bb][et_pb_text admin_label=\u00a0\u00bbText\u00a0\u00bb _builder_version=\u00a0\u00bb4.9.2&Prime; background_size=\u00a0\u00bbinitial\u00a0\u00bb background_position=\u00a0\u00bbtop_left\u00a0\u00bb background_repeat=\u00a0\u00bbrepeat\u00a0\u00bb hover_enabled=\u00a0\u00bb0&Prime; sticky_enabled=\u00a0\u00bb0&Prime;]<h2>Prix d\u00e9cern\u00e9s<\/h2>\n<p>La Fondation ayant vu le jour en octobre 2010, vous trouverez ci-dessous les divers prix d\u00e9cern\u00e9s ainsi que leur descriptif et les documents annexes.<\/p>\n<p>Ann\u00e9e 2012\u00a0:\u00a0 <a href=\"\/download\/docs\/Etude_Bryologie_Becker_Scarpitta_2012.pdf\" target=\"_blank\" rel=\"noopener\">cliquez ici pour t\u00e9l\u00e9charger le dossier PDF du laur\u00e9at gagnant, Monsieur Antoine Becker Scarpitta (France).<\/a><\/p>\n<p>Ann\u00e9e 2014 :<a href=\"\/download\/docs\/travail%20hutsemekers%202014.pdf\" target=\"_blank\" rel=\"noopener\"> cliquez ici pour t\u00e9l\u00e9charger le dossier PDF de la laur\u00e9ate gagnante, Mademoiselle Virginie Hutsem\u00e9kers (Belgique).<\/a><\/p>\n<div class=\"art-post-inner\">\n<div class=\"art-postcontent\">\n<div class=\"category-list\">\n<div class=\"cat-items\">\n<form id=\"adminForm\" action=\"http:\/\/nowellia.be\/index.php\/nos-clients\" method=\"post\" name=\"adminForm\"><\/form>\n<\/div>\n<\/div>\n<\/div>\n<\/div>\n<p>\u00a0<\/p>\n<p><\/p>[\/et_pb_text][\/et_pb_column][et_pb_column type=\u00a0\u00bb1_4&Prime; _builder_version=\u00a0\u00bb3.25&Prime; custom_padding=\u00a0\u00bb|||\u00a0\u00bb custom_padding__hover=\u00a0\u00bb|||\u00a0\u00bb][et_pb_sidebar _builder_version=\u00a0\u00bb4.9.2&Prime; _module_preset=\u00a0\u00bbdefault\u00a0\u00bb hover_enabled=\u00a0\u00bb0&Prime; sticky_enabled=\u00a0\u00bb0&Prime;][\/et_pb_sidebar][\/et_pb_column][\/et_pb_row][\/et_pb_section]","protected":false},"excerpt":{"rendered":"<p>Prix d\u00e9cern\u00e9s La Fondation ayant vu le jour en octobre 2010, vous trouverez ci-dessous les divers prix d\u00e9cern\u00e9s ainsi que leur descriptif et les documents annexes. Ann\u00e9e 2012\u00a0:\u00a0 cliquez ici pour t\u00e9l\u00e9charger le dossier PDF du laur\u00e9at gagnant, Monsieur Antoine Becker Scarpitta (France). Ann\u00e9e 2014 : cliquez ici pour t\u00e9l\u00e9charger le dossier PDF de la [&hellip;]<\/p>\n","protected":false},"author":3,"featured_media":0,"parent":0,"menu_order":0,"comment_status":"closed","ping_status":"closed","template":"","meta":{"_et_pb_use_builder":"on","_et_pb_old_content":"<h2>Prix d\u00e9cern\u00e9s<\/h2>\n<p>La Fondation ayant vu le jour en octobre 2010, vous trouverez ci-dessous les divers prix d\u00e9cern\u00e9s ainsi que leur descriptif et les documents annexes.<\/p>\n<p>Ann\u00e9e 2012\u00a0:\u00a0 <a href=\"http:\/\/nowellia.be\/download\/docs\/Etude_Bryologie_Becker_Scarpitta_2012.pdf\" target=\"_blank\" rel=\"noopener\">cliquez ici pour t\u00e9l\u00e9charger le dossier PDF du laur\u00e9at gagnant, Monsieur Antoine Becker Scarpitta (France).<\/a><\/p>\n<p>Ann\u00e9e 2014 :<a href=\"http:\/\/nowellia.be\/download\/docs\/travail%20hutsemekers%202014.pdf\"> cliquez ici pour t\u00e9l\u00e9charger le dossier PDF de la laur\u00e9ate gagnante, Mademoiselle Virginie Hutsem\u00e9kers (Belgique).<\/a><\/p>\n<div class=\"art-post-inner\">\n<div class=\"art-postcontent\">\n<div class=\"category-list\">\n<div class=\"cat-items\"><form id=\"adminForm\" action=\"http:\/\/nowellia.be\/index.php\/nos-clients\" method=\"post\" name=\"adminForm\"><\/form><\/div>\n<\/div>\n<\/div>\n<\/div>\n\n<!-- wp:paragraph -->\n<p><\/p>\n<!-- \/wp:paragraph -->","_et_gb_content_width":"","sfsi_plus_gutenberg_text_before_share":"","sfsi_plus_gutenberg_show_text_before_share":"","sfsi_plus_gutenberg_icon_type":"","sfsi_plus_gutenberg_icon_alignemt":"","sfsi_plus_gutenburg_max_per_row":"","footnotes":""},"class_list":["post-213","page","type-page","status-publish","hentry"],"_links":{"self":[{"href":"https:\/\/www.nowellia.be\/en\/wp-json\/wp\/v2\/pages\/213","targetHints":{"allow":["GET"]}}],"collection":[{"href":"https:\/\/www.nowellia.be\/en\/wp-json\/wp\/v2\/pages"}],"about":[{"href":"https:\/\/www.nowellia.be\/en\/wp-json\/wp\/v2\/types\/page"}],"author":[{"embeddable":true,"href":"https:\/\/www.nowellia.be\/en\/wp-json\/wp\/v2\/users\/3"}],"replies":[{"embeddable":true,"href":"https:\/\/www.nowellia.be\/en\/wp-json\/wp\/v2\/comments?post=213"}],"version-history":[{"count":2,"href":"https:\/\/www.nowellia.be\/en\/wp-json\/wp\/v2\/pages\/213\/revisions"}],"predecessor-version":[{"id":29174,"href":"https:\/\/www.nowellia.be\/en\/wp-json\/wp\/v2\/pages\/213\/revisions\/29174"}],"wp:attachment":[{"href":"https:\/\/www.nowellia.be\/en\/wp-json\/wp\/v2\/media?parent=213"}],"curies":[{"name":"wp","href":"https:\/\/api.w.org\/{rel}","templated":true}]}}