{"id":207,"date":"2018-04-09T11:52:49","date_gmt":"2018-04-09T09:52:49","guid":{"rendered":"http:\/\/new.nowellia.be\/?page_id=207"},"modified":"2021-04-14T17:44:14","modified_gmt":"2021-04-14T15:44:14","slug":"proposer-sa-candidature","status":"publish","type":"page","link":"https:\/\/www.nowellia.be\/en\/proposer-sa-candidature\/","title":{"rendered":"2. Submit your candidature"},"content":{"rendered":"<p>[et_pb_section fb_built=\u00a0\u00bb1&Prime; _builder_version=\u00a0\u00bb3.22&Prime;][et_pb_row _builder_version=\u00a0\u00bb3.25&Prime; background_size=\u00a0\u00bbinitial\u00a0\u00bb background_position=\u00a0\u00bbtop_left\u00a0\u00bb background_repeat=\u00a0\u00bbrepeat\u00a0\u00bb column_structure=\u00a0\u00bb3_4,1_4&Prime;][et_pb_column type=\u00a0\u00bb3_4&Prime; _builder_version=\u00a0\u00bb3.25&Prime; custom_padding=\u00a0\u00bb|||\u00a0\u00bb custom_padding__hover=\u00a0\u00bb|||\u00a0\u00bb][et_pb_text _builder_version=\u00a0\u00bb4.9.2&Prime; background_size=\u00a0\u00bbinitial\u00a0\u00bb background_position=\u00a0\u00bbtop_left\u00a0\u00bb background_repeat=\u00a0\u00bbrepeat\u00a0\u00bb]<\/p>\n<h2>Proposer sa candidature<\/h2>\n<p>En vue de pouvoir participer au prix qui sera d\u00e9cern\u00e9 dans le cadre de la Fondation il faut remplir un dossier de candidature disponible par envoi postal (sur demande au si\u00e8ge social) ou par t\u00e9l\u00e9chargement ci-dessous.<\/p>\n<p>Le Conseil d\u2019administration d\u00e9cide chaque ann\u00e9e du montant du prix (en euros) et ce en fonction de divers crit\u00e8res. Un jury de sp\u00e9cialistes est constitu\u00e9 en vue d\u2019examiner les divers dossiers et travaux soumis au concours.<\/p>\n<p>Les candidat(e)s seront averti(e)s de l\u2019acceptation ou non de leur dossier de participation.<\/p>\n<p>C\u2019est le Conseil d\u2019administration qui d\u00e9cide de la mani\u00e8re de remettre le prix, du moment et du lieu.<\/p>\n<p><a href=\"\/download\/Formulaire de candidature FR rubrique 2 2.doc\" target=\"_blank\" rel=\"noopener\">\u00ab\u00a0cliquez ici pour t\u00e9l\u00e9charger le formulaire de candidature \u00bb<\/a><\/p>\n<div class=\"art-post-inner\">\n<div class=\"art-postcontent\">\n<div class=\"category-list\">\n<div class=\"cat-items\">\n<form id=\"adminForm\" action=\"http:\/\/nowellia.be\/index.php\/nos-clients\" method=\"post\" name=\"adminForm\"><\/form>\n<\/div>\n<\/div>\n<\/div>\n<\/div>\n<p>[\/et_pb_text][\/et_pb_column][et_pb_column type=\u00a0\u00bb1_4&Prime; _builder_version=\u00a0\u00bb3.25&Prime; custom_padding=\u00a0\u00bb|||\u00a0\u00bb custom_padding__hover=\u00a0\u00bb|||\u00a0\u00bb][et_pb_sidebar _builder_version=\u00a0\u00bb4.9.2&Prime; _module_preset=\u00a0\u00bbdefault\u00a0\u00bb hover_enabled=\u00a0\u00bb0&Prime; sticky_enabled=\u00a0\u00bb0&Prime;][\/et_pb_sidebar][\/et_pb_column][\/et_pb_row][\/et_pb_section]<\/p>\n","protected":false},"excerpt":{"rendered":"<p>Proposer sa candidature En vue de pouvoir participer au prix qui sera d\u00e9cern\u00e9 dans le cadre de la Fondation il faut remplir un dossier de candidature disponible par envoi postal (sur demande au si\u00e8ge social) ou par t\u00e9l\u00e9chargement ci-dessous. Le Conseil d\u2019administration d\u00e9cide chaque ann\u00e9e du montant du prix (en euros) et ce en fonction [&hellip;]<\/p>\n","protected":false},"author":3,"featured_media":0,"parent":0,"menu_order":0,"comment_status":"closed","ping_status":"closed","template":"","meta":{"_et_pb_use_builder":"on","_et_pb_old_content":"<h2>Proposer sa candidature<\/h2>\nEn vue de pouvoir participer au prix qui sera d\u00e9cern\u00e9 dans le cadre de la Fondation il faut remplir un dossier de candidature disponible par envoi postal (sur demande au si\u00e8ge social) ou par t\u00e9l\u00e9chargement ci-dessous.\n\nLe Conseil d\u2019administration d\u00e9cide chaque ann\u00e9e du montant du prix (en euros) et ce en fonction de divers crit\u00e8res. Un jury de sp\u00e9cialistes est constitu\u00e9 en vue d\u2019examiner les divers dossiers et travaux soumis au concours.\n\nLes candidat(e)s seront averti(e)s de l\u2019acceptation ou non de leur dossier de participation.\n\nC\u2019est le Conseil d\u2019administration qui d\u00e9cide de la mani\u00e8re de remettre le prix, du moment et du lieu.\n\n<a href=\"http:\/\/nowellia.be\/download\/Formulaire de candidature FR rubrique 2 2.doc\">\u00ab&nbsp;cliquez ici pour t\u00e9l\u00e9charger le formulaire de candidature \u00bb<\/a>\n<div class=\"art-post-inner\">\n<div class=\"art-postcontent\">\n<div class=\"category-list\">\n<div class=\"cat-items\">\n<form id=\"adminForm\" action=\"http:\/\/nowellia.be\/index.php\/nos-clients\" method=\"post\" name=\"adminForm\"><\/form><\/div>\n<\/div>\n<\/div>\n<\/div>","_et_gb_content_width":"","sfsi_plus_gutenberg_text_before_share":"","sfsi_plus_gutenberg_show_text_before_share":"","sfsi_plus_gutenberg_icon_type":"","sfsi_plus_gutenberg_icon_alignemt":"","sfsi_plus_gutenburg_max_per_row":"","footnotes":""},"class_list":["post-207","page","type-page","status-publish","hentry"],"_links":{"self":[{"href":"https:\/\/www.nowellia.be\/en\/wp-json\/wp\/v2\/pages\/207","targetHints":{"allow":["GET"]}}],"collection":[{"href":"https:\/\/www.nowellia.be\/en\/wp-json\/wp\/v2\/pages"}],"about":[{"href":"https:\/\/www.nowellia.be\/en\/wp-json\/wp\/v2\/types\/page"}],"author":[{"embeddable":true,"href":"https:\/\/www.nowellia.be\/en\/wp-json\/wp\/v2\/users\/3"}],"replies":[{"embeddable":true,"href":"https:\/\/www.nowellia.be\/en\/wp-json\/wp\/v2\/comments?post=207"}],"version-history":[{"count":3,"href":"https:\/\/www.nowellia.be\/en\/wp-json\/wp\/v2\/pages\/207\/revisions"}],"predecessor-version":[{"id":29162,"href":"https:\/\/www.nowellia.be\/en\/wp-json\/wp\/v2\/pages\/207\/revisions\/29162"}],"wp:attachment":[{"href":"https:\/\/www.nowellia.be\/en\/wp-json\/wp\/v2\/media?parent=207"}],"curies":[{"name":"wp","href":"https:\/\/api.w.org\/{rel}","templated":true}]}}