{"id":29267,"date":"2021-05-16T21:40:38","date_gmt":"2021-05-16T19:40:38","guid":{"rendered":"https:\/\/www.nowellia.be\/?post_type=product&#038;p=29267"},"modified":"2023-02-19T22:45:13","modified_gmt":"2023-02-19T21:45:13","slug":"fiches-lichens-du-parc-naturel-viroin-hermeton","status":"publish","type":"product","link":"http:\/\/www.nowellia.be\/en\/product\/fiches-lichens-du-parc-naturel-viroin-hermeton\/","title":{"rendered":"Fiches \u00ab Lichens \u00bb du Parc naturel Viroin-Hermeton"},"content":{"rendered":"","protected":false},"excerpt":{"rendered":"<p>Une s\u00e9rie de 59 fiches p\u00e9dagogiques au sujet des lichens que l\u2019on rencontre couramment dans le Parc naturel Viroin-Hermeton. Introduction d\u00e9taill\u00e9e sur les caract\u00e9ristiques, description de l\u2019esp\u00e8ce, etc\u2026<\/p>\n<div>\u00a0Format A5, recto-verso et en couleurs, dans une farde a deux anneaux.<\/div>\n<p><a href=\"https:\/\/www.nowellia.be\/contact\">Prix pour la Belgique : 35 euros via le bouton ci-dessous<br \/>\nPrix pour la France : demander une offre de prix en fonction des frais d\u2019exp\u00e9dition !<\/a><\/p>","protected":false},"featured_media":29238,"comment_status":"open","ping_status":"closed","template":"","meta":{"_et_pb_use_builder":"","_et_pb_old_content":"","_et_gb_content_width":"","sfsi_plus_gutenberg_text_before_share":"","sfsi_plus_gutenberg_show_text_before_share":"","sfsi_plus_gutenberg_icon_type":"","sfsi_plus_gutenberg_icon_alignemt":"","sfsi_plus_gutenburg_max_per_row":""},"product_brand":[],"product_cat":[42],"product_tag":[],"class_list":{"0":"post-29267","1":"product","2":"type-product","3":"status-publish","4":"has-post-thumbnail","6":"product_cat-fiches","8":"first","9":"instock","10":"shipping-taxable","11":"purchasable","12":"product-type-simple"},"_links":{"self":[{"href":"http:\/\/www.nowellia.be\/en\/wp-json\/wp\/v2\/product\/29267","targetHints":{"allow":["GET"]}}],"collection":[{"href":"http:\/\/www.nowellia.be\/en\/wp-json\/wp\/v2\/product"}],"about":[{"href":"http:\/\/www.nowellia.be\/en\/wp-json\/wp\/v2\/types\/product"}],"replies":[{"embeddable":true,"href":"http:\/\/www.nowellia.be\/en\/wp-json\/wp\/v2\/comments?post=29267"}],"wp:featuredmedia":[{"embeddable":true,"href":"http:\/\/www.nowellia.be\/en\/wp-json\/wp\/v2\/media\/29238"}],"wp:attachment":[{"href":"http:\/\/www.nowellia.be\/en\/wp-json\/wp\/v2\/media?parent=29267"}],"wp:term":[{"taxonomy":"product_brand","embeddable":true,"href":"http:\/\/www.nowellia.be\/en\/wp-json\/wp\/v2\/product_brand?post=29267"},{"taxonomy":"product_cat","embeddable":true,"href":"http:\/\/www.nowellia.be\/en\/wp-json\/wp\/v2\/product_cat?post=29267"},{"taxonomy":"product_tag","embeddable":true,"href":"http:\/\/www.nowellia.be\/en\/wp-json\/wp\/v2\/product_tag?post=29267"}],"curies":[{"name":"wp","href":"https:\/\/api.w.org\/{rel}","templated":true}]}}