{"id":29263,"date":"2021-05-16T21:32:02","date_gmt":"2021-05-16T19:32:02","guid":{"rendered":"https:\/\/www.nowellia.be\/?post_type=product&#038;p=29263"},"modified":"2023-02-19T22:08:00","modified_gmt":"2023-02-19T21:08:00","slug":"siderurgie-et-bryologie-dans-quelques-sites-de-lorraine-belge-et-francaise","status":"publish","type":"product","link":"http:\/\/www.nowellia.be\/en\/product\/siderurgie-et-bryologie-dans-quelques-sites-de-lorraine-belge-et-francaise\/","title":{"rendered":"\u00ab Sid\u00e9rurgie et bryologie dans quelques sites de Lorraine belge et fran\u00e7aise \u00bb par Ph. De Zuttere"},"content":{"rendered":"","protected":false},"excerpt":{"rendered":"<p>Monographie r\u00e9alis\u00e9e par Ph. De Zuttere et qui traite, en 27 pages A4 illustr\u00e9es, de l\u2019\u00e9pop\u00e9e de la sid\u00e9rurgie en Lorraine belge et fran\u00e7aise.<\/p>\n<p>Les sites concern\u00e9s sont Musson, Halanzy, Saint-Pancr\u00e9, Gorcy, Allondrelle-la-Malmaison, le Dorlon et Cons-la-Grandville. L\u2019\u00e9tude est d\u00e9taill\u00e9e d\u2019un point de vue historique mais aussi des diverses esp\u00e8ces de bryophytes qui y ont \u00e9t\u00e9 observ\u00e9es et\/ou r\u00e9colt\u00e9es dans ces sites particuliers.<\/p>\n<p>Divers documents photographiques actuels ou anciens documentent parfaitement cet ouvrage original.<\/p>\n<p><strong>Only available in French<\/strong><\/p>\n<p><a href=\"https:\/\/www.nowellia.be\/contact\">Vous pouvez le commander directement via le bouton ci-dessous au tarif de 15 \u20ac ttc pour la Belgique et \u00e0 18 \u20ac ttc pour la France.<\/a><\/p>","protected":false},"featured_media":29246,"comment_status":"open","ping_status":"closed","template":"","meta":{"_et_pb_use_builder":"","_et_pb_old_content":"","_et_gb_content_width":"","sfsi_plus_gutenberg_text_before_share":"","sfsi_plus_gutenberg_show_text_before_share":"","sfsi_plus_gutenberg_icon_type":"","sfsi_plus_gutenberg_icon_alignemt":"","sfsi_plus_gutenburg_max_per_row":""},"product_brand":[],"product_cat":[41],"product_tag":[],"class_list":{"0":"post-29263","1":"product","2":"type-product","3":"status-publish","4":"has-post-thumbnail","6":"product_cat-monographies","8":"first","9":"instock","10":"shipping-taxable","11":"purchasable","12":"product-type-simple"},"_links":{"self":[{"href":"http:\/\/www.nowellia.be\/en\/wp-json\/wp\/v2\/product\/29263","targetHints":{"allow":["GET"]}}],"collection":[{"href":"http:\/\/www.nowellia.be\/en\/wp-json\/wp\/v2\/product"}],"about":[{"href":"http:\/\/www.nowellia.be\/en\/wp-json\/wp\/v2\/types\/product"}],"replies":[{"embeddable":true,"href":"http:\/\/www.nowellia.be\/en\/wp-json\/wp\/v2\/comments?post=29263"}],"wp:featuredmedia":[{"embeddable":true,"href":"http:\/\/www.nowellia.be\/en\/wp-json\/wp\/v2\/media\/29246"}],"wp:attachment":[{"href":"http:\/\/www.nowellia.be\/en\/wp-json\/wp\/v2\/media?parent=29263"}],"wp:term":[{"taxonomy":"product_brand","embeddable":true,"href":"http:\/\/www.nowellia.be\/en\/wp-json\/wp\/v2\/product_brand?post=29263"},{"taxonomy":"product_cat","embeddable":true,"href":"http:\/\/www.nowellia.be\/en\/wp-json\/wp\/v2\/product_cat?post=29263"},{"taxonomy":"product_tag","embeddable":true,"href":"http:\/\/www.nowellia.be\/en\/wp-json\/wp\/v2\/product_tag?post=29263"}],"curies":[{"name":"wp","href":"https:\/\/api.w.org\/{rel}","templated":true}]}}