{"id":29248,"date":"2021-05-16T21:07:25","date_gmt":"2021-05-16T19:07:25","guid":{"rendered":"https:\/\/www.nowellia.be\/?post_type=product&#038;p=29248"},"modified":"2023-02-19T18:12:41","modified_gmt":"2023-02-19T17:12:41","slug":"dvd-les-bryophytes-ces-plantes-secretes","status":"publish","type":"product","link":"http:\/\/www.nowellia.be\/en\/product\/dvd-les-bryophytes-ces-plantes-secretes\/","title":{"rendered":"Les bryophytes, ces plantes secr\u00e8tes&#8230;"},"content":{"rendered":"","protected":false},"excerpt":{"rendered":"<p>Ce premier DVD r\u00e9alis\u00e9 par La Fondation permet de d\u00e9couvrir simplement, mais de mani\u00e8re scientifique, le monde myst\u00e9rieux et m\u00e9connu des bryophytes, petites plantes qui se trouvent \u00e0 peu pr\u00e8s partout sur notre plan\u00e8te. D\u2019une dur\u00e9e de 31 minutes et en trois langues (FR, NL et GB) il est r\u00e9alis\u00e9 par Beno\u00eet Huc et pr\u00e9sent\u00e9 par Luc No\u00ebl, naturaliste de renom.<\/p>\n<p><iframe loading=\"lazy\" title=\"Les bryophytes, ces plantes secr\u00e8tes qui nous entourent\" src=\"https:\/\/www.youtube.com\/embed\/_ewCjbrLMuk?feature=oembed\" width=\"1080\" height=\"608\" allowfullscreen=\"allowfullscreen\" data-mce-fragment=\"1\"><\/iframe><\/p>\n<p><strong>Disponible en fran\u00e7ais, en n\u00e9erlandais et anglais<\/strong><\/p>\n<p><a href=\"https:\/\/www.nowellia.be\/contact\">Vous pouvez le commander directement via le bouton ci-dessous au tarif de 15 \u20ac ttc pour la Belgique et \u00e0 18 \u20ac ttc pour la France.<\/a><\/p>","protected":false},"featured_media":29240,"comment_status":"open","ping_status":"closed","template":"","meta":{"_et_pb_use_builder":"","_et_pb_old_content":"","_et_gb_content_width":"","sfsi_plus_gutenberg_text_before_share":"","sfsi_plus_gutenberg_show_text_before_share":"","sfsi_plus_gutenberg_icon_type":"","sfsi_plus_gutenberg_icon_alignemt":"","sfsi_plus_gutenburg_max_per_row":""},"product_brand":[],"product_cat":[39],"product_tag":[],"class_list":{"0":"post-29248","1":"product","2":"type-product","3":"status-publish","4":"has-post-thumbnail","6":"product_cat-dvd","8":"first","9":"instock","10":"shipping-taxable","11":"purchasable","12":"product-type-simple"},"_links":{"self":[{"href":"http:\/\/www.nowellia.be\/en\/wp-json\/wp\/v2\/product\/29248","targetHints":{"allow":["GET"]}}],"collection":[{"href":"http:\/\/www.nowellia.be\/en\/wp-json\/wp\/v2\/product"}],"about":[{"href":"http:\/\/www.nowellia.be\/en\/wp-json\/wp\/v2\/types\/product"}],"replies":[{"embeddable":true,"href":"http:\/\/www.nowellia.be\/en\/wp-json\/wp\/v2\/comments?post=29248"}],"wp:featuredmedia":[{"embeddable":true,"href":"http:\/\/www.nowellia.be\/en\/wp-json\/wp\/v2\/media\/29240"}],"wp:attachment":[{"href":"http:\/\/www.nowellia.be\/en\/wp-json\/wp\/v2\/media?parent=29248"}],"wp:term":[{"taxonomy":"product_brand","embeddable":true,"href":"http:\/\/www.nowellia.be\/en\/wp-json\/wp\/v2\/product_brand?post=29248"},{"taxonomy":"product_cat","embeddable":true,"href":"http:\/\/www.nowellia.be\/en\/wp-json\/wp\/v2\/product_cat?post=29248"},{"taxonomy":"product_tag","embeddable":true,"href":"http:\/\/www.nowellia.be\/en\/wp-json\/wp\/v2\/product_tag?post=29248"}],"curies":[{"name":"wp","href":"https:\/\/api.w.org\/{rel}","templated":true}]}}