{"id":315,"date":"2018-04-09T13:55:51","date_gmt":"2018-04-09T11:55:51","guid":{"rendered":"http:\/\/new.nowellia.be\/?page_id=315"},"modified":"2023-02-22T00:41:04","modified_gmt":"2023-02-21T23:41:04","slug":"1-8-documents-telechargeables","status":"publish","type":"page","link":"http:\/\/www.nowellia.be\/en\/1-8-documents-telechargeables\/","title":{"rendered":"1.8 Downloads"},"content":{"rendered":"<p>[et_pb_section fb_built=\u00a0\u00bb1&Prime; _builder_version=\u00a0\u00bb4.16&Prime; global_colors_info=\u00a0\u00bb{}\u00a0\u00bb][et_pb_row column_structure=\u00a0\u00bb3_4,1_4&Prime; _builder_version=\u00a0\u00bb4.16&Prime; background_size=\u00a0\u00bbinitial\u00a0\u00bb background_position=\u00a0\u00bbtop_left\u00a0\u00bb background_repeat=\u00a0\u00bbrepeat\u00a0\u00bb global_colors_info=\u00a0\u00bb{}\u00a0\u00bb][et_pb_column type=\u00a0\u00bb3_4&Prime; _builder_version=\u00a0\u00bb4.16&Prime; custom_padding=\u00a0\u00bb|||\u00a0\u00bb global_colors_info=\u00a0\u00bb{}\u00a0\u00bb custom_padding__hover=\u00a0\u00bb|||\u00a0\u00bb][et_pb_text _builder_version=\u00a0\u00bb4.19.5&Prime; background_size=\u00a0\u00bbinitial\u00a0\u00bb background_position=\u00a0\u00bbtop_left\u00a0\u00bb background_repeat=\u00a0\u00bbrepeat\u00a0\u00bb hover_enabled=\u00a0\u00bb0&Prime; global_colors_info=\u00a0\u00bb{}\u00a0\u00bb sticky_enabled=\u00a0\u00bb0&Prime;]<\/p>\n<p><span style=\"color: inherit; font-size: 1.95em; font-weight: 600;\">Documents t\u00e9l\u00e9chargeables<\/span><\/p>\n<div class=\"art-post-inner\">\n<div class=\"art-postcontent\">\n<div class=\"art-article\">\n<p>Vous trouverez ici divers documents t\u00e9l\u00e9chargeables mais dont nous n\u2019assumons pas la responsabilit\u00e9 de publication.<\/p>\n<p>Ils sont disponibles \u00e0 titre de service gratuit.<\/p>\n<\/div>\n<\/div>\n<div class=\"art-postcontent\">\n<div class=\"art-article\">\n<ul>\n<li><a href=\"\/download\/docs\/1.8%20Bibliographie%20conseillee%20sur%20les%20bryophytes.pdf\" target=\"_blank\" rel=\"noopener noreferrer\">1.8 Bibliographie conseillee sur les bryophytes.pdf<\/a><\/li>\n<li><a href=\"\/download\/docs\/1.8%20Bryophytes%20rares%20ou%20remarquables%20au%20GD%20Luxembourg.pdf\" target=\"_blank\" rel=\"noopener noreferrer\">1.8 Bryophytes rares ou remarquables au GD Luxembourg.pdf<\/a><\/li>\n<li><a href=\"\/download\/docs\/1.8%20Checklist%20bryophytes%20Bruxelles%20Flandre%20Wallonie.pdf\" target=\"_blank\" rel=\"noopener noreferrer\">1.8 Checklist bryophytes Bruxelles Flandre Wallonie.pdf<\/a><\/li>\n<li><a href=\"\/download\/docs\/1.8%20Checklist%20bryophytes%20GD%20Luxembourg%202009.pdf\" target=\"_blank\" rel=\"noopener noreferrer\">1.8 Checklist bryophytes GD Luxembourg 2009.pdf<\/a><\/li>\n<li><a href=\"\/download\/docs\/1.8%20Checklist%20bryophytes%20suisse.pdf\" target=\"_blank\" rel=\"noopener noreferrer\">1.8 Checklist bryophytes suisse.pdf<\/a><\/li>\n<li><a href=\"\/download\/docs\/1.8%20Checklist%20CORSE.pdf\" target=\"_blank\" rel=\"noopener noreferrer\">1.8 Checklist CORSE.pdf<\/a><\/li>\n<li><a href=\"\/download\/docs\/1.8%20Checklist%20EESTI%20SAMMALDE%20TAKSOONID-2009.pdf\" target=\"_blank\" rel=\"noopener noreferrer\">1.8 Checklist EESTI SAMMALDE TAKSOONID-2009.pdf<\/a><\/li>\n<li><a href=\"\/download\/docs\/1.8%20Checklist%20Europe%20et%20Macaronesie.pdf\" target=\"_blank\" rel=\"noopener noreferrer\">1.8 Checklist Europe et Macaronesie.pdf<\/a><\/li>\n<li><a href=\"\/download\/docs\/1.8%20Checklist%20Hungary.pdf\" target=\"_blank\" rel=\"noopener noreferrer\">1.8 Checklist Hungary.pdf<\/a><\/li>\n<li><a href=\"\/download\/docs\/1.8%20Checklist%20rouge%20bryophytes%20Suisse%202004.pdf\">1.8 Checklist rouge bryophytes Suisse 2004.pdf<\/a><\/li>\n<li><a href=\"\/download\/docs\/1.8%20Liste%20rouge%20bryophytes%20GD%20Luxembourg.pdf\">1.8 Liste rouge bryophytes GD Luxembourg.pdf<\/a><\/li>\n<li><a href=\"\/download\/docs\/Glossaire%20Bryophytes.pdf\">1.8 Glossaires Bryophytes.pdf<\/a><\/li>\n<li><a href=\"\/download\/docs\/Checklist bryophytes Italie.pdf\">Checklist bryophytes Italie.pdf<\/a><\/li>\n<li><a href=\"\/download\/docs\/Bryophytes Tome I WEB.pdf\" target=\"_blank\" rel=\"noopener\">Bryophytes Tome I WEB.pdf<\/a><\/li>\n<li><a href=\"\/download\/docs\/Bryophytes Tome II WEB.pdf\" target=\"_blank\" rel=\"noopener\">Bryophytes Tome II WEB.pdf<\/a><\/li>\n<li><a href=\"https:\/\/www.nowellia.be\/wp-content\/uploads\/2021\/09\/Bryophytes-du-Maroc.pdf\" rel=\"attachment wp-att-29342\">Bryophytes du Maroc<\/a><\/li>\n<li><a href=\"https:\/\/www.nowellia.be\/wp-content\/uploads\/2022\/08\/Campylopus_introflexus_newly_located_taxon_in_Morocco.pdf\" target=\"_blank\" rel=\"noopener\" title=\"Campylopus introflexus\">Campylopus introflexus<\/a><\/li>\n<li><span>Rapport des inventaires sur 10 sites en Province de Namur: <\/span><a href=\"http:\/\/www.nowellia.be\/download\/docs\/Rapport_final_2022_SPW.pdf\" target=\"_blank\" rel=\"noopener\" title=\"Rapport Final 2022 SPW\">Rapport_final_2022_SPW.pdf<\/a><\/li>\n<\/ul>\n<\/div>\n<\/div>\n<\/div>\n<p>[\/et_pb_text][\/et_pb_column][et_pb_column type=\u00a0\u00bb1_4&Prime; _builder_version=\u00a0\u00bb4.16&Prime; custom_padding=\u00a0\u00bb|||\u00a0\u00bb global_colors_info=\u00a0\u00bb{}\u00a0\u00bb custom_padding__hover=\u00a0\u00bb|||\u00a0\u00bb][et_pb_sidebar _builder_version=\u00a0\u00bb4.16&Prime; _module_preset=\u00a0\u00bbdefault\u00a0\u00bb global_colors_info=\u00a0\u00bb{}\u00a0\u00bb][\/et_pb_sidebar][\/et_pb_column][\/et_pb_row][\/et_pb_section]<\/p>\n","protected":false},"excerpt":{"rendered":"<p>Documents t\u00e9l\u00e9chargeables Vous trouverez ici divers documents t\u00e9l\u00e9chargeables mais dont nous n\u2019assumons pas la responsabilit\u00e9 de publication. Ils sont disponibles \u00e0 titre de service gratuit. 1.8 Bibliographie conseillee sur les bryophytes.pdf 1.8 Bryophytes rares ou remarquables au GD Luxembourg.pdf 1.8 Checklist bryophytes Bruxelles Flandre Wallonie.pdf 1.8 Checklist bryophytes GD Luxembourg 2009.pdf 1.8 Checklist bryophytes suisse.pdf [&hellip;]<\/p>\n","protected":false},"author":3,"featured_media":0,"parent":0,"menu_order":0,"comment_status":"closed","ping_status":"closed","template":"","meta":{"_et_pb_use_builder":"on","_et_pb_old_content":"<span style=\"color: inherit; font-size: 1.95em; font-weight: 600;\">Documents t\u00e9l\u00e9chargeables<\/span>\n<div class=\"art-post-inner\">\n<div class=\"art-postcontent\">\n<div class=\"art-article\">\n\nVous trouverez ici divers documents t\u00e9l\u00e9chargeables mais dont nous n\u2019assumons pas la responsabilit\u00e9 de publication.\n\nIls sont disponibles \u00e0 titre de service gratuit.\n\n<\/div>\n<\/div>\n<div class=\"art-postcontent\">\n<div class=\"art-article\">\n<ul>\n \t<li><a href=\"http:\/\/www.nowellia.be\/download\/docs\/1.8%20Bibliographie%20conseillee%20sur%20les%20bryophytes.pdf\" target=\"_blank\" rel=\"noopener noreferrer\">1.8 Bibliographie conseillee sur les bryophytes.pdf<\/a><\/li>\n \t<li><a href=\"http:\/\/www.nowellia.be\/download\/docs\/1.8%20Bryophytes%20rares%20ou%20remarquables%20au%20GD%20Luxembourg.pdf\" target=\"_blank\" rel=\"noopener noreferrer\">1.8 Bryophytes rares ou remarquables au GD Luxembourg.pdf<\/a><\/li>\n \t<li><a href=\"http:\/\/www.nowellia.be\/download\/docs\/1.8%20Checklist%20bryophytes%20Bruxelles%20Flandre%20Wallonie.pdf\" target=\"_blank\" rel=\"noopener noreferrer\">1.8 Checklist bryophytes Bruxelles Flandre Wallonie.pdf<\/a><\/li>\n \t<li><a href=\"http:\/\/www.nowellia.be\/download\/docs\/1.8%20Checklist%20bryophytes%20GD%20Luxembourg%202009.pdf\" target=\"_blank\" rel=\"noopener noreferrer\">1.8 Checklist bryophytes GD Luxembourg 2009.pdf<\/a><\/li>\n \t<li><a href=\"http:\/\/www.nowellia.be\/download\/docs\/1.8%20Checklist%20bryophytes%20suisse.pdf\" target=\"_blank\" rel=\"noopener noreferrer\">1.8 Checklist bryophytes suisse.pdf<\/a><\/li>\n \t<li><a href=\"http:\/\/www.nowellia.be\/download\/docs\/1.8%20Checklist%20CORSE.pdf\" target=\"_blank\" rel=\"noopener noreferrer\">1.8 Checklist CORSE.pdf<\/a><\/li>\n \t<li><a href=\"http:\/\/www.nowellia.be\/download\/docs\/1.8%20Checklist%20EESTI%20SAMMALDE%20TAKSOONID-2009.pdf\" target=\"_blank\" rel=\"noopener noreferrer\">1.8 Checklist EESTI SAMMALDE TAKSOONID-2009.pdf<\/a><\/li>\n \t<li><a href=\"http:\/\/www.nowellia.be\/download\/docs\/1.8%20Checklist%20Europe%20et%20Macaronesie.pdf\" target=\"_blank\" rel=\"noopener noreferrer\">1.8 Checklist Europe et Macaronesie.pdf<\/a><\/li>\n \t<li><a href=\"http:\/\/www.nowellia.be\/download\/docs\/1.8%20Checklist%20Hungary.pdf\" target=\"_blank\" rel=\"noopener noreferrer\">1.8 Checklist Hungary.pdf<\/a><\/li>\n \t<li><a href=\"http:\/\/www.nowellia.be\/download\/docs\/1.8%20Checklist%20rouge%20bryophytes%20Suisse%202004.pdf\">1.8 Checklist rouge bryophytes Suisse 2004.pdf<\/a><\/li>\n \t<li><a href=\"\/download\/docs\/1.8%20Liste%20rouge%20bryophytes%20GD%20Luxembourg.pdf\">1.8 Liste rouge bryophytes GD Luxembourg.pdf<\/a><\/li>\n \t<li><a href=\"\/download\/docs\/Glossaire%20Bryophytes.pdf\">1.8 Glossaires Bryophytes.pdf<\/a><\/li>\n \t<li><a href=\"\/download\/docs\/Checklist bryophytes Italie.pdf\">Checklist bryophytes Italie.pdf<\/a><\/li>\n<\/ul>\n<\/div>\n<\/div>\n<\/div>","_et_gb_content_width":"","sfsi_plus_gutenberg_text_before_share":"","sfsi_plus_gutenberg_show_text_before_share":"","sfsi_plus_gutenberg_icon_type":"","sfsi_plus_gutenberg_icon_alignemt":"","sfsi_plus_gutenburg_max_per_row":"","footnotes":""},"class_list":["post-315","page","type-page","status-publish","hentry"],"_links":{"self":[{"href":"http:\/\/www.nowellia.be\/en\/wp-json\/wp\/v2\/pages\/315","targetHints":{"allow":["GET"]}}],"collection":[{"href":"http:\/\/www.nowellia.be\/en\/wp-json\/wp\/v2\/pages"}],"about":[{"href":"http:\/\/www.nowellia.be\/en\/wp-json\/wp\/v2\/types\/page"}],"author":[{"embeddable":true,"href":"http:\/\/www.nowellia.be\/en\/wp-json\/wp\/v2\/users\/3"}],"replies":[{"embeddable":true,"href":"http:\/\/www.nowellia.be\/en\/wp-json\/wp\/v2\/comments?post=315"}],"version-history":[{"count":6,"href":"http:\/\/www.nowellia.be\/en\/wp-json\/wp\/v2\/pages\/315\/revisions"}],"predecessor-version":[{"id":29596,"href":"http:\/\/www.nowellia.be\/en\/wp-json\/wp\/v2\/pages\/315\/revisions\/29596"}],"wp:attachment":[{"href":"http:\/\/www.nowellia.be\/en\/wp-json\/wp\/v2\/media?parent=315"}],"curies":[{"name":"wp","href":"https:\/\/api.w.org\/{rel}","templated":true}]}}