{"id":306,"date":"2018-04-09T13:46:34","date_gmt":"2018-04-09T11:46:34","guid":{"rendered":"http:\/\/new.nowellia.be\/1-6-the-identification-service\/"},"modified":"2021-04-14T22:44:48","modified_gmt":"2021-04-14T20:44:48","slug":"1-6-le-service-determination","status":"publish","type":"page","link":"http:\/\/www.nowellia.be\/en\/1-6-le-service-determination\/","title":{"rendered":"1.6 The \u00ab identification \u00bb service"},"content":{"rendered":"<p>[et_pb_section fb_built=\u00a0\u00bb1&Prime; admin_label=\u00a0\u00bbsection\u00a0\u00bb _builder_version=\u00a0\u00bb3.22&Prime;][et_pb_row admin_label=\u00a0\u00bbrow\u00a0\u00bb _builder_version=\u00a0\u00bb3.25&Prime; background_size=\u00a0\u00bbinitial\u00a0\u00bb background_position=\u00a0\u00bbtop_left\u00a0\u00bb background_repeat=\u00a0\u00bbrepeat\u00a0\u00bb hover_enabled=\u00a0\u00bb0&Prime; column_structure=\u00a0\u00bb3_4,1_4&Prime; sticky_enabled=\u00a0\u00bb0&Prime;][et_pb_column type=\u00a0\u00bb3_4&Prime; _builder_version=\u00a0\u00bb3.25&Prime; custom_padding=\u00a0\u00bb|||\u00a0\u00bb custom_padding__hover=\u00a0\u00bb|||\u00a0\u00bb][et_pb_text admin_label=\u00a0\u00bbText\u00a0\u00bb _builder_version=\u00a0\u00bb4.9.2&Prime; background_size=\u00a0\u00bbinitial\u00a0\u00bb background_position=\u00a0\u00bbtop_left\u00a0\u00bb background_repeat=\u00a0\u00bbrepeat\u00a0\u00bb hover_enabled=\u00a0\u00bb0&Prime; sticky_enabled=\u00a0\u00bb0&Prime;]<\/p>\n<p><span style=\"color: inherit; font-size: 1.95em; font-weight: 600;\">Le service \u00ab D\u00e9termination \u00bb<\/span><\/p>\n<div class=\"art-post-inner\">\n<div class=\"art-postcontent\">\n<div class=\"art-article\">\n<p>Nous proposons gratuitement un service de d\u00e9termination des bryophytes (mousses, sphaignes &amp; h\u00e9patiques) \u00e0 toute personne qui souhaite conna\u00eetre le nom et quelques informations compl\u00e9mentaires au sujet de ces myst\u00e9rieuses, mais d\u00e9licates plantes.<\/p>\n<p>Il vous suffit de collecter un petit \u00e9chantillon, de le s\u00e9cher et de nous l&rsquo;envoyer, accompagn\u00e9 de la fiche de renseignements correctement remplie. Cette fiche peut vous \u00eatre envoy\u00e9e par E-mail ou vous la t\u00e9l\u00e9chargez vous-m\u00eame en cliquant ci-dessous.<\/p>\n<p>Ce service est gratuit et, en \u00e9change, nous demandons de pouvoir garder un morceau de l&rsquo;\u00e9chantillon si, par hasard, il ne figurait d\u00e9j\u00e0 pas dans l&rsquo;herbier.<\/p>\n<p><a href=\"\/download\/docs\/1.6_Fiche_recolte_bryophyte_new.pdf\" target=\"_blank\" rel=\"noopener\">Cliquez ici pour t\u00e9l\u00e9charger la fiche de d\u00e9termination.<\/a><\/p>\n<\/div>\n<\/div>\n<\/div>\n<p>[\/et_pb_text][\/et_pb_column][et_pb_column type=\u00a0\u00bb1_4&Prime; _builder_version=\u00a0\u00bb3.25&Prime; custom_padding=\u00a0\u00bb|||\u00a0\u00bb custom_padding__hover=\u00a0\u00bb|||\u00a0\u00bb][et_pb_sidebar _builder_version=\u00a0\u00bb4.9.2&Prime; _module_preset=\u00a0\u00bbdefault\u00a0\u00bb hover_enabled=\u00a0\u00bb0&Prime; sticky_enabled=\u00a0\u00bb0&Prime;][\/et_pb_sidebar][\/et_pb_column][\/et_pb_row][\/et_pb_section]<\/p>\n","protected":false},"excerpt":{"rendered":"<p>Le service \u00ab D\u00e9termination \u00bb Nous proposons gratuitement un service de d\u00e9termination des bryophytes (mousses, sphaignes &amp; h\u00e9patiques) \u00e0 toute personne qui souhaite conna\u00eetre le nom et quelques informations compl\u00e9mentaires au sujet de ces myst\u00e9rieuses, mais d\u00e9licates plantes. Il vous suffit de collecter un petit \u00e9chantillon, de le s\u00e9cher et de nous l&rsquo;envoyer, accompagn\u00e9 de [&hellip;]<\/p>\n","protected":false},"author":3,"featured_media":0,"parent":0,"menu_order":0,"comment_status":"closed","ping_status":"closed","template":"","meta":{"_et_pb_use_builder":"on","_et_pb_old_content":"<span style=\"color: inherit; font-size: 1.95em; font-weight: 600;\">Le service \u00ab D\u00e9termination \u00bb<\/span>\n<div class=\"art-post-inner\">\n<div class=\"art-postcontent\">\n<div class=\"art-article\">\n\nNous proposons gratuitement un service de d\u00e9termination des bryophytes (mousses, sphaignes &amp; h\u00e9patiques) \u00e0 toute personne qui souhaite conna\u00eetre le nom et quelques informations compl\u00e9mentaires au sujet de ces myst\u00e9rieuses, mais d\u00e9licates plantes.\n\nIl vous suffit de collecter un petit \u00e9chantillon, de le s\u00e9cher et de nous l'envoyer, accompagn\u00e9 de la fiche de renseignements correctement remplie. Cette fiche peut vous \u00eatre envoy\u00e9e par E-mail ou vous la t\u00e9l\u00e9chargez vous-m\u00eame en cliquant ci-dessous.\n\nCe service est gratuit et, en \u00e9change, nous demandons de pouvoir garder un morceau de l'\u00e9chantillon si, par hasard, il ne figurait d\u00e9j\u00e0 pas dans l'herbier.\n\n<a href=\"http:\/\/nowellia.be\/download\/docs\/1.6_Fiche_recolte_bryophyte_new.pdf\" target=\"_blank\" rel=\"noopener\">Cliquez ici pour t\u00e9l\u00e9charger la fiche de d\u00e9termination.<\/a>\n\n<\/div>\n<\/div>\n<\/div>","_et_gb_content_width":"","sfsi_plus_gutenberg_text_before_share":"","sfsi_plus_gutenberg_show_text_before_share":"","sfsi_plus_gutenberg_icon_type":"","sfsi_plus_gutenberg_icon_alignemt":"","sfsi_plus_gutenburg_max_per_row":"","footnotes":""},"class_list":["post-306","page","type-page","status-publish","hentry"],"_links":{"self":[{"href":"http:\/\/www.nowellia.be\/en\/wp-json\/wp\/v2\/pages\/306","targetHints":{"allow":["GET"]}}],"collection":[{"href":"http:\/\/www.nowellia.be\/en\/wp-json\/wp\/v2\/pages"}],"about":[{"href":"http:\/\/www.nowellia.be\/en\/wp-json\/wp\/v2\/types\/page"}],"author":[{"embeddable":true,"href":"http:\/\/www.nowellia.be\/en\/wp-json\/wp\/v2\/users\/3"}],"replies":[{"embeddable":true,"href":"http:\/\/www.nowellia.be\/en\/wp-json\/wp\/v2\/comments?post=306"}],"version-history":[{"count":3,"href":"http:\/\/www.nowellia.be\/en\/wp-json\/wp\/v2\/pages\/306\/revisions"}],"predecessor-version":[{"id":29185,"href":"http:\/\/www.nowellia.be\/en\/wp-json\/wp\/v2\/pages\/306\/revisions\/29185"}],"wp:attachment":[{"href":"http:\/\/www.nowellia.be\/en\/wp-json\/wp\/v2\/media?parent=306"}],"curies":[{"name":"wp","href":"https:\/\/api.w.org\/{rel}","templated":true}]}}