{"id":295,"date":"2018-04-09T13:37:52","date_gmt":"2018-04-09T11:37:52","guid":{"rendered":"http:\/\/new.nowellia.be\/?page_id=295"},"modified":"2021-04-08T22:38:56","modified_gmt":"2021-04-08T20:38:56","slug":"1-4-soumettre-un-article","status":"publish","type":"page","link":"http:\/\/www.nowellia.be\/en\/1-4-soumettre-un-article\/","title":{"rendered":"1.4 Submit a paper"},"content":{"rendered":"<p><span style=\"color: inherit; font-size: 1.95em; font-weight: 600;\">Submit a paper<\/span><\/p>\n<div class=\"art-post-inner\">\n<div class=\"art-postcontent\">\n<div class=\"art-article\">\n<p class=\" translation-block\">We expect the authors to submit manuscripts via e-mail attachments. Manuscripts should be written in Word for PC or Open office with the layout of their choice. Pictures (300 dpi minimum), drawing, graphics, etc. should each be placed in a separate file and sent as JPEG, TIF, PNG or as <em>Excel<\/em> or Word). The author(s) take(s) responsibility for the articles published in <em>Nowellia bryologica<\/em>. Every author who submits an article must own the copyright on the pictures provided.<\/p>\n<p class=\" translation-block\">The author, by authorising publication of his paper in <em>Nowellia bryologica<\/em>, surrenders all rights to further publication to the journal.<\/p>\n<\/div>\n<\/div>\n<\/div>","protected":false},"excerpt":{"rendered":"<p>Soumettre un article Nous souhaitons que les auteurs envoient une proposition de leur article r\u00e9dig\u00e9 avec Word pour PC ou Openoffice par E-mail avec la mise en page souhait\u00e9e. Les photos (300 dpi minimum), dessins, graphiques,\u2026 seront s\u00e9par\u00e9s du texte et fournis dans un format tel que JPEG, TIF, PNG ou \u00e0 partir du programme [&hellip;]<\/p>\n","protected":false},"author":3,"featured_media":0,"parent":0,"menu_order":0,"comment_status":"closed","ping_status":"closed","template":"","meta":{"_et_pb_use_builder":"","_et_pb_old_content":"","_et_gb_content_width":"","sfsi_plus_gutenberg_text_before_share":"","sfsi_plus_gutenberg_show_text_before_share":"","sfsi_plus_gutenberg_icon_type":"","sfsi_plus_gutenberg_icon_alignemt":"","sfsi_plus_gutenburg_max_per_row":"","footnotes":""},"class_list":["post-295","page","type-page","status-publish","hentry"],"_links":{"self":[{"href":"http:\/\/www.nowellia.be\/en\/wp-json\/wp\/v2\/pages\/295","targetHints":{"allow":["GET"]}}],"collection":[{"href":"http:\/\/www.nowellia.be\/en\/wp-json\/wp\/v2\/pages"}],"about":[{"href":"http:\/\/www.nowellia.be\/en\/wp-json\/wp\/v2\/types\/page"}],"author":[{"embeddable":true,"href":"http:\/\/www.nowellia.be\/en\/wp-json\/wp\/v2\/users\/3"}],"replies":[{"embeddable":true,"href":"http:\/\/www.nowellia.be\/en\/wp-json\/wp\/v2\/comments?post=295"}],"version-history":[{"count":0,"href":"http:\/\/www.nowellia.be\/en\/wp-json\/wp\/v2\/pages\/295\/revisions"}],"wp:attachment":[{"href":"http:\/\/www.nowellia.be\/en\/wp-json\/wp\/v2\/media?parent=295"}],"curies":[{"name":"wp","href":"https:\/\/api.w.org\/{rel}","templated":true}]}}