{"id":272,"date":"2018-04-09T13:14:05","date_gmt":"2018-04-09T11:14:05","guid":{"rendered":"http:\/\/new.nowellia.be\/?page_id=272"},"modified":"2025-04-29T12:48:41","modified_gmt":"2025-04-29T10:48:41","slug":"1-3-revues-publiees-en-pdf","status":"publish","type":"page","link":"http:\/\/www.nowellia.be\/en\/1-3-revues-publiees-en-pdf\/","title":{"rendered":"1.3 Reviews published in PDF"},"content":{"rendered":"<p>[et_pb_section fb_built=\u00a0\u00bb1&Prime; admin_label=\u00a0\u00bbsection\u00a0\u00bb _builder_version=\u00a0\u00bb4.16&Prime; custom_padding=\u00a0\u00bb54px|||||\u00a0\u00bb global_colors_info=\u00a0\u00bb{}\u00a0\u00bb][et_pb_row column_structure=\u00a0\u00bb3_4,1_4&Prime; admin_label=\u00a0\u00bbrow\u00a0\u00bb _builder_version=\u00a0\u00bb4.16&Prime; background_size=\u00a0\u00bbinitial\u00a0\u00bb background_position=\u00a0\u00bbtop_left\u00a0\u00bb background_repeat=\u00a0\u00bbrepeat\u00a0\u00bb global_colors_info=\u00a0\u00bb{}\u00a0\u00bb][et_pb_column type=\u00a0\u00bb3_4&Prime; _builder_version=\u00a0\u00bb4.16&Prime; custom_padding=\u00a0\u00bb|||\u00a0\u00bb global_colors_info=\u00a0\u00bb{}\u00a0\u00bb custom_padding__hover=\u00a0\u00bb|||\u00a0\u00bb][et_pb_text admin_label=\u00a0\u00bbText\u00a0\u00bb _builder_version=\u00a0\u00bb4.27.4&Prime; background_size=\u00a0\u00bbinitial\u00a0\u00bb background_position=\u00a0\u00bbtop_left\u00a0\u00bb background_repeat=\u00a0\u00bbrepeat\u00a0\u00bb hover_enabled=\u00a0\u00bb0&Prime; global_colors_info=\u00a0\u00bb{}\u00a0\u00bb sticky_enabled=\u00a0\u00bb0&Prime;]<\/p>\n<h2 class=\"art-postheader\">Revues publi\u00e9es en PDF<\/h2>\n<p><span style=\"font-size: inherit;\">Vous avez la possibilit\u00e9 de consulter et t\u00e9l\u00e9charger les diff\u00e9rentes \u00e9ditions de la revue <\/span><em style=\"font-size: inherit;\">Nowellia bryologica<\/em><span style=\"font-size: inherit;\"> depuis 1992. Si vous le souhaitez, un exemplaire \u00ab papier \u00bb ou la collection compl\u00e8te peut aussi vous \u00eatre fournie. Dans cas il convient de <\/span><a style=\"font-size: inherit;\" href=\"\/?page_id=165\">nous en faire la demande<\/a><span style=\"font-size: inherit;\"> de mani\u00e8re \u00e0 ce que nous vous communiquions le co\u00fbt avec les frais de port.<\/span><\/p>\n<div class=\"art-post-inner\">\n<p>Un \u00e9change de revues est aussi possible \u00e0 condition de nous en faire la demande \u00e0 la m\u00eame adresse courrielle.<\/p>\n<p><a href=\"https:\/\/www.nowellia.be\/wp-content\/uploads\/2022\/11\/liste-des-sommaires.pdf\" rel=\"attachment wp-att-29484\">T\u00e9l\u00e9chargez ici liste des sommaires la depuis 1992 :<\/a><\/p>\n<\/div>\n<div class=\"art-post-inner\">\n<table style=\"height: 304px; width: 807px;\" border=\"0\" width=\"914\">\n<tbody>\n<tr>\n<td style=\"vertical-align: top; width: 203px;\">\n<ul>\n<li><a href=\"\/download\/revue nowellia\/Binder 1.pdf\" target=\"_blank\" rel=\"noopener noreferrer\">Revue N\u00b01<\/a><\/li>\n<li><a href=\"\/download\/revue nowellia\/Binder 2.pdf\" target=\"_blank\" rel=\"noopener noreferrer\">Revue N\u00b02<\/a><\/li>\n<li><a href=\"\/download\/revue nowellia\/Binder 3 et 4.pdf\" target=\"_blank\" rel=\"noopener noreferrer\">Revue N\u00b03 et 4<\/a><\/li>\n<li><a href=\"\/download\/revue nowellia\/Binder 5.pdf\" target=\"_blank\" rel=\"noopener noreferrer\">Revue N\u00b05<\/a><\/li>\n<li><a href=\"\/download\/revue nowellia\/Binder 6.pdf\" target=\"_blank\" rel=\"noopener noreferrer\">Revue N\u00b06<\/a><\/li>\n<li><a href=\"\/download\/revue nowellia\/Binder 7.pdf\" target=\"_blank\" rel=\"noopener noreferrer\">Revue N\u00b07<\/a><\/li>\n<li><a href=\"\/download\/revue nowellia\/Binder 8 et 9.pdf\" target=\"_blank\" rel=\"noopener noreferrer\">Revue N\u00b08 et 9<\/a><\/li>\n<li><a href=\"\/download\/revue nowellia\/Binder 10.pdf\" target=\"_blank\" rel=\"noopener noreferrer\">Revue N\u00b010<\/a><\/li>\n<li><a href=\"\/download\/revue nowellia\/Binder 11.pdf\" target=\"_blank\" rel=\"noopener noreferrer\">Revue N\u00b011<\/a><\/li>\n<li><a href=\"\/download\/revue nowellia\/Binder 12 et 13.pdf\" target=\"_blank\" rel=\"noopener noreferrer\">Revue N\u00b012 et 13<\/a><\/li>\n<li><a href=\"\/download\/revue nowellia\/Binder 14.pdf\" target=\"_blank\" rel=\"noopener noreferrer\">Revue N\u00b014<\/a><\/li>\n<li><a href=\"\/download\/revue nowellia\/Binder 15 et 16.pdf\" target=\"_blank\" rel=\"noopener noreferrer\">Revue N\u00b015 et 16<\/a><\/li>\n<li><a href=\"\/download\/revue nowellia\/Binder 17.pdf\" target=\"_blank\" rel=\"noopener noreferrer\">Revue N\u00b017<\/a><\/li>\n<li><a href=\"\/download\/revue%20nowellia\/Binder%2018.pdf\" target=\"_blank\" rel=\"noopener noreferrer\">Revue N\u00b018<\/a><\/li>\n<li><a href=\"\/download\/revue nowellia\/Binder 19.pdf\" target=\"_blank\" rel=\"noopener noreferrer\">Revue N\u00b019<\/a><\/li>\n<\/ul>\n<\/td>\n<td style=\"vertical-align: top; width: 208px;\">\n<ul>\n<li><a href=\"\/download\/revue%20nowellia\/Binder%2020%2021.pdf\" target=\"_blank\" rel=\"noopener noreferrer\">Revue N\u00b020 et 21<\/a><\/li>\n<li><a href=\"\/download\/revue nowellia\/Binder 22.pdf\" target=\"_blank\" rel=\"noopener noreferrer\">Revue N\u00b022<\/a><\/li>\n<li><a href=\"\/download\/revue%20nowellia\/Binder%2023.pdf\" target=\"_blank\" rel=\"noopener noreferrer\">Revue N\u00b023<\/a><\/li>\n<li><a href=\"\/download\/revue nowellia\/Binder 24.pdf\" target=\"_blank\" rel=\"noopener noreferrer\">Revue N\u00b024<\/a><\/li>\n<li><a href=\"\/download\/revue%20nowellia\/Binder%2025.pdf\" target=\"_blank\" rel=\"noopener noreferrer\">Revue N\u00b025<\/a><\/li>\n<li><a href=\"\/download\/revue nowellia\/Binder 26.pdf\" target=\"_blank\" rel=\"noopener noreferrer\">Revue N\u00b026<\/a><\/li>\n<li><a href=\"\/download\/revue nowellia\/Binder 27.pdf\" target=\"_blank\" rel=\"noopener noreferrer\">Revue N\u00b027<\/a><\/li>\n<li><a href=\"\/download\/revue nowellia\/Binder 28.pdf\" target=\"_blank\" rel=\"noopener noreferrer\">Revue N\u00b028<\/a><\/li>\n<li><a href=\"\/download\/revue nowellia\/Binder 29.pdf\" target=\"_blank\" rel=\"noopener noreferrer\">Revue N\u00b029<\/a><\/li>\n<li><a href=\"\/download\/revue nowellia\/Binder 30.pdf\" target=\"_blank\" rel=\"noopener noreferrer\">Revue N\u00b030<\/a><\/li>\n<li><a href=\"\/download\/revue nowellia\/Binder 31.pdf\" target=\"_blank\" rel=\"noopener noreferrer\">Revue N\u00b031<\/a><\/li>\n<li><a href=\"\/download\/revue nowellia\/Binder 32.pdf\" target=\"_blank\" rel=\"noopener noreferrer\">Revue N\u00b032<\/a><\/li>\n<li><a href=\"\/download\/revue nowellia\/Binder 33.pdf\" target=\"_blank\" rel=\"noopener noreferrer\">Revue N\u00b033<\/a><\/li>\n<li><a href=\"\/download\/revue nowellia\/Binder 34.pdf\" target=\"_blank\" rel=\"noopener noreferrer\">Revue N\u00b034<\/a><\/li>\n<li><a href=\"\/download\/revue nowellia\/Binder 35.pdf\" target=\"_blank\" rel=\"noopener noreferrer\">Revue N\u00b035<\/a><\/li>\n<\/ul>\n<\/td>\n<td style=\"vertical-align: top; width: 164px;\">\n<ul>\n<li><a href=\"\/download\/revue nowellia\/Binder 36.pdf\" target=\"_blank\" rel=\"noopener noreferrer\">Revue N\u00b036<\/a><\/li>\n<li><a href=\"\/download\/revue nowellia\/Binder 37.pdf\" target=\"_blank\" rel=\"noopener noreferrer\">Revue N\u00b037<\/a><\/li>\n<li><a href=\"\/download\/revue nowellia\/Binder 38.pdf\" target=\"_blank\" rel=\"noopener noreferrer\">Revue N\u00b038<\/a><\/li>\n<li><a href=\"\/download\/revue nowellia\/Binder 39.pdf\" target=\"_blank\" rel=\"noopener noreferrer\">Revue N\u00b039<\/a><\/li>\n<li><a href=\"\/download\/revue nowellia\/Binder 40.pdf\" target=\"_blank\" rel=\"noopener noreferrer\">Revue N\u00b040<\/a><\/li>\n<li><a href=\"\/download\/revue%20nowellia\/Binder41.pdf\" target=\"_blank\" rel=\"noopener noreferrer\">Revue N\u00b041<\/a><\/li>\n<li><a href=\"\/download\/revue%20nowellia\/Binder42.pdf\" target=\"_blank\" rel=\"noopener noreferrer\">Revue N\u00b042<\/a><\/li>\n<li><a href=\"\/download\/revue%20nowellia\/Nowellia%2043%20W.pdf\" target=\"_blank\" rel=\"noopener noreferrer\">Revue N\u00b043<\/a><\/li>\n<li><a href=\"\/download\/revue%20nowellia\/Binder44R.pdf\" target=\"_blank\" rel=\"noopener noreferrer\">Revue N\u00b044<\/a><\/li>\n<li><a href=\"\/download\/revue%20nowellia\/Binder45.pdf\" target=\"_blank\" rel=\"noopener noreferrer\">Revue N\u00b045<\/a><\/li>\n<li><a href=\"\/download\/revue nowellia\/Binder46R.pdf\" target=\"_blank\" rel=\"noopener noreferrer\">Revue N\u00b046<\/a><\/li>\n<li><a href=\"\/download\/revue%20nowellia\/Binder%2047.pdf\" target=\"_blank\" rel=\"noopener noreferrer\">Revue n\u00b047<\/a><\/li>\n<li><a href=\"\/download\/revue%20nowellia\/Binder48.pdf\" target=\"_blank\" rel=\"noopener noreferrer\">Revue n\u00b048<\/a><\/li>\n<li><a href=\"\/download\/revue%20nowellia\/Binder49.pdf\" target=\"_blank\" rel=\"noopener noreferrer\">Revue n\u00b049<\/a><\/li>\n<li><a href=\"\/download\/revue%20nowellia\/Binder50.pdf\" target=\"_blank\" rel=\"noopener noreferrer\">Revue n\u00b050<\/a><\/li>\n<\/ul>\n<\/td>\n<td style=\"vertical-align: top; width: 204px;\">\n<ul>\n<li><a href=\"\/download\/revue%20nowellia\/Nowellia51&amp;52.pdf\" target=\"_blank\" rel=\"noopener noreferrer\">Revue n\u00b051 &amp; 52<\/a><\/li>\n<li><a href=\"\/download\/revue%20nowellia\/Binder53&amp;54.pdf\" target=\"_blank\" rel=\"noopener noreferrer\">Revue n\u00b053 &amp; 54<\/a><\/li>\n<li><a href=\"\/download\/revue%20nowellia\/Nowellia%2055%2056%20ok.pdf\" target=\"_blank\" rel=\"noopener noreferrer\">Revue n\u00b055 &amp; 56<\/a><\/li>\n<li><a href=\"\/download\/revue%20nowellia\/Nowellia%2057.pdf\" target=\"_blank\" rel=\"noopener noreferrer\">Revue n\u00b0 57<\/a><\/li>\n<li><a href=\"\/download\/revue%20nowellia\/Nowellia 58.pdf\" target=\"_blank\" rel=\"noopener noreferrer\">Revue n\u00b0 58<\/a><\/li>\n<li><a href=\"\/download\/revue%20nowellia\/Nowellia%2059.pdf\" target=\" _blank\" rel=\"noopener noreferrer\">Revue N\u00b059<\/a><\/li>\n<li><a href=\"\/download\/revue%20nowellia\/Nowellia%2060.pdf\" target=\"_blank\" rel=\"noopener noreferrer\">Revue N\u00b060<\/a><\/li>\n<li><a href=\"\/download\/revue%20nowellia\/Binder%2061.pdf\" target=\"_blank\" rel=\"noopener\">Revue N\u00b061<\/a><\/li>\n<li><a href=\"\/download\/revue%20nowellia\/Binder%2062.pdf\" target=\"_blank\" rel=\"noopener\">Revue N\u00b062<\/a><\/li>\n<li><a href=\"\/download\/revue%20nowellia\/Binder%2063.pdf\" target=\"_blank\" rel=\"noopener\">Revue N\u00b063<\/a><\/li>\n<li><a href=\"\/download\/revue%20nowellia\/Binder%2064.pdf\" target=\"_blank\" rel=\"noopener\">Revue N\u00b064<\/a><\/li>\n<li><a href=\"\/download\/revue%20nowellia\/Binder65.pdf\" target=\"_blank\" rel=\"noopener\">Revue N\u00b065<\/a><\/li>\n<li><a href=\"\/download\/revue%20nowellia\/Binder66.pdf\" target=\"_blank\" rel=\"noopener\">Revue N\u00b066<\/a><\/li>\n<li><a href=\"\/download\/revue%20nowellia\/Binder67.pdf\" target=\"_blank\" rel=\"noopener\">Revue N\u00b067<\/a><\/li>\n<li><a href=\"\/download\/revue%20nowellia\/Binder68.pdf\" target=\"_blank\" rel=\"noopener\">Revue N\u00b068<\/a><\/li>\n<\/ul>\n<\/td>\n<\/tr>\n<\/tbody>\n<\/table>\n<\/div>\n<p>&nbsp;[\/et_pb_text][\/et_pb_column][et_pb_column type=\u00a0\u00bb1_4&Prime; _builder_version=\u00a0\u00bb4.16&Prime; custom_padding=\u00a0\u00bb|||\u00a0\u00bb global_colors_info=\u00a0\u00bb{}\u00a0\u00bb custom_padding__hover=\u00a0\u00bb|||\u00a0\u00bb][et_pb_sidebar _builder_version=\u00a0\u00bb4.16&Prime; _module_preset=\u00a0\u00bbdefault\u00a0\u00bb global_colors_info=\u00a0\u00bb{}\u00a0\u00bb][\/et_pb_sidebar][\/et_pb_column][\/et_pb_row][\/et_pb_section]<\/p>\n","protected":false},"excerpt":{"rendered":"<p>Revues publi\u00e9es en PDF Vous avez la possibilit\u00e9 de consulter et t\u00e9l\u00e9charger les diff\u00e9rentes \u00e9ditions de la revue Nowellia bryologica depuis 1992. Si vous le souhaitez, un exemplaire \u00ab papier \u00bb ou la collection compl\u00e8te peut aussi vous \u00eatre fournie. Dans cas il convient de nous en faire la demande de mani\u00e8re \u00e0 ce que [&hellip;]<\/p>\n","protected":false},"author":3,"featured_media":0,"parent":0,"menu_order":0,"comment_status":"closed","ping_status":"closed","template":"","meta":{"_et_pb_use_builder":"on","_et_pb_old_content":"<p>\u00a0<\/p>\n<h2 class=\"art-postheader\">Revues publi\u00e9es en PDF<\/h2>\n<p><span style=\"font-size: inherit;\">Vous avez la possibilit\u00e9 de consulter et t\u00e9l\u00e9charger les diff\u00e9rentes \u00e9ditions de la revue <\/span><em style=\"font-size: inherit;\">Nowellia bryologica<\/em><span style=\"font-size: inherit;\"> depuis 1992. Si vous le souhaitez, un exemplaire \u00ab papier \u00bb ou la collection compl\u00e8te peut aussi vous \u00eatre fournie. Dans cas il convient de <\/span><a style=\"font-size: inherit;\" href=\"\/?page_id=165\">nous en faire la demande<\/a><span style=\"font-size: inherit;\"> de mani\u00e8re \u00e0 ce que nous vous communiquions le co\u00fbt avec les frais de port.<\/span><\/p>\n<div class=\"art-post-inner\">\n<p>Un \u00e9change de revues est aussi possible \u00e0 condition de nous en faire la demande \u00e0 la m\u00eame adresse courrielle.<\/p>\n<p>\u00a0<\/p>\n<p><a href=\"http:\/\/nowellia.be\/download\/docs\/liste%20des%20sommaires.pdf\" target=\"_blank\" rel=\"noopener noreferrer\">T\u00e9l\u00e9chargez ici la liste des sommaires depuis 1992 :<\/a><\/p>\n<\/div>\n<div class=\"art-post-inner\">\n<table style=\"height: 304px;\" border=\"0\" width=\"914\">\n<tbody>\n<tr>\n<td>\n<ul>\n<li><a href=\"http:\/\/nowellia.be\/download\/revue nowellia\/Binder 1.pdf\">Revue N\u00b01<\/a><\/li>\n<li><a href=\"http:\/\/nowellia.be\/download\/revue nowellia\/Binder 2.pdf\">Revue N\u00b02<\/a><\/li>\n<li><a href=\"http:\/\/nowellia.be\/download\/revue nowellia\/Binder 3 et 4.pdf\">Revue N\u00b03 et 4<\/a><\/li>\n<li><a href=\"http:\/\/nowellia.be\/download\/revue nowellia\/Binder 5.pdf\">Revue N\u00b05<\/a><\/li>\n<li><a href=\"http:\/\/nowellia.be\/download\/revue nowellia\/Binder 6.pdf\">Revue N\u00b06<\/a><\/li>\n<li><a href=\"http:\/\/nowellia.be\/download\/revue nowellia\/Binder 7.pdf\">Revue N\u00b07<\/a><\/li>\n<li><a href=\"http:\/\/nowellia.be\/download\/revue nowellia\/Binder 8 et 9.pdf\">Revue N\u00b08 et 9<\/a><\/li>\n<li><a href=\"http:\/\/nowellia.be\/download\/revue nowellia\/Binder 10.pdf\">Revue N\u00b010<\/a><\/li>\n<li><a href=\"http:\/\/nowellia.be\/download\/revue nowellia\/Binder 11.pdf\">Revue N\u00b011<\/a><\/li>\n<li><a href=\"http:\/\/nowellia.be\/download\/revue nowellia\/Binder 12 et 13.pdf\">Revue N\u00b012 et 13<\/a><\/li>\n<\/ul>\n<\/td>\n<td>\n<ul>\n<li><a href=\"http:\/\/nowellia.be\/download\/revue nowellia\/Binder 14.pdf\" target=\"_blank\" rel=\"noopener noreferrer\">Revue N\u00b014<\/a><\/li>\n<li><a href=\"http:\/\/nowellia.be\/download\/revue nowellia\/Binder 15 et 16.pdf\" target=\"_blank\" rel=\"noopener noreferrer\">Revue N\u00b015 et 16<\/a><\/li>\n<li><a href=\"http:\/\/nowellia.be\/download\/revue nowellia\/Binder 17.pdf\" target=\"_blank\" rel=\"noopener noreferrer\">Revue N\u00b017<\/a><\/li>\n<li><a href=\"http:\/\/nowellia.be\/download\/revue%20nowellia\/Binder%2018.pdf\" target=\"_blank\" rel=\"noopener noreferrer\">Revue N\u00b018<\/a><\/li>\n<li><a href=\"http:\/\/nowellia.be\/download\/revue nowellia\/Binder 19.pdf\" target=\"_blank\" rel=\"noopener noreferrer\">Revue N\u00b019<\/a><\/li>\n<li><a href=\"http:\/\/nowellia.be\/download\/revue%20nowellia\/Binder%2020%2021.pdf\" target=\"_blank\" rel=\"noopener noreferrer\">Revue N\u00b020 et 21<\/a><\/li>\n<li><a href=\"http:\/\/nowellia.be\/download\/revue nowellia\/Binder 22.pdf\" target=\"_blank\" rel=\"noopener noreferrer\">Revue N\u00b022<\/a><\/li>\n<li><a href=\"http:\/\/nowellia.be\/download\/revue%20nowellia\/Binder%2023.pdf\" target=\"_blank\" rel=\"noopener noreferrer\">Revue N\u00b023<\/a><\/li>\n<li><a href=\"http:\/\/nowellia.be\/download\/revue nowellia\/Binder 24.pdf\" target=\"_blank\" rel=\"noopener noreferrer\">Revue N\u00b024<\/a><\/li>\n<li><a href=\"http:\/\/nowellia.be\/download\/revue%20nowellia\/Binder%2025.pdf\" target=\"_blank\" rel=\"noopener noreferrer\">Revue N\u00b025<\/a><\/li>\n<\/ul>\n<\/td>\n<td>\n<ul>\n<li><a href=\"http:\/\/nowellia.be\/download\/revue nowellia\/Binder 26.pdf\" target=\"_blank\" rel=\"noopener noreferrer\">Revue N\u00b026<\/a><\/li>\n<li><a href=\"http:\/\/nowellia.be\/download\/revue nowellia\/Binder 27.pdf\" target=\"_blank\" rel=\"noopener noreferrer\">Revue N\u00b027<\/a><\/li>\n<li><a href=\"http:\/\/nowellia.be\/download\/revue nowellia\/Binder 28.pdf\" target=\"_blank\" rel=\"noopener noreferrer\">Revue N\u00b028<\/a><\/li>\n<li><a href=\"http:\/\/nowellia.be\/download\/revue nowellia\/Binder 29.pdf\" target=\"_blank\" rel=\"noopener noreferrer\">Revue N\u00b029<\/a><\/li>\n<li><a href=\"http:\/\/nowellia.be\/download\/revue nowellia\/Binder 30.pdf\" target=\"_blank\" rel=\"noopener noreferrer\">Revue N\u00b030<\/a><\/li>\n<li><a href=\"http:\/\/nowellia.be\/download\/revue nowellia\/Binder 31.pdf\" target=\"_blank\" rel=\"noopener noreferrer\">Revue N\u00b031<\/a><\/li>\n<li><a href=\"http:\/\/nowellia.be\/download\/revue nowellia\/Binder 32.pdf\" target=\"_blank\" rel=\"noopener noreferrer\">Revue N\u00b032<\/a><\/li>\n<li><a href=\"http:\/\/nowellia.be\/download\/revue nowellia\/Binder 33.pdf\" target=\"_blank\" rel=\"noopener noreferrer\">Revue N\u00b033<\/a><\/li>\n<li><a href=\"http:\/\/nowellia.be\/download\/revue nowellia\/Binder 34.pdf\" target=\"_blank\" rel=\"noopener noreferrer\">Revue N\u00b034<\/a><\/li>\n<li><a href=\"http:\/\/nowellia.be\/download\/revue nowellia\/Binder 35.pdf\" target=\"_blank\" rel=\"noopener noreferrer\">Revue N\u00b03<\/a>5<\/li>\n<\/ul>\n<\/td>\n<td>\n<ul>\n<li><a href=\"http:\/\/nowellia.be\/download\/revue nowellia\/Binder 36.pdf\" target=\"_blank\" rel=\"noopener noreferrer\">Revue N\u00b036<\/a><\/li>\n<li><a href=\"http:\/\/nowellia.be\/download\/revue nowellia\/Binder 37.pdf\" target=\"_blank\" rel=\"noopener noreferrer\">Revue N\u00b037<\/a><\/li>\n<li><a href=\"http:\/\/nowellia.be\/download\/revue nowellia\/Binder 38.pdf\" target=\"_blank\" rel=\"noopener noreferrer\">Revue N\u00b038<\/a><\/li>\n<li><a href=\"http:\/\/nowellia.be\/download\/revue nowellia\/Binder 39.pdf\" target=\"_blank\" rel=\"noopener noreferrer\">Revue N\u00b039<\/a><\/li>\n<li><a href=\"http:\/\/nowellia.be\/download\/revue nowellia\/Binder 40.pdf\" target=\"_blank\" rel=\"noopener noreferrer\">Revue N\u00b040<\/a><\/li>\n<li><a href=\"http:\/\/nowellia.be\/download\/revue%20nowellia\/Binder41.pdf\" target=\"_blank\" rel=\"noopener noreferrer\">Revue N\u00b041<\/a><\/li>\n<li><a href=\"http:\/\/nowellia.be\/download\/revue%20nowellia\/Binder42.pdf\" target=\"_blank\" rel=\"noopener noreferrer\">Revue N\u00b042<\/a><\/li>\n<li><a href=\"http:\/\/nowellia.be\/download\/revue%20nowellia\/Nowellia%2043%20W.pdf\" target=\"_blank\" rel=\"noopener noreferrer\">Revue N\u00b043<\/a><\/li>\n<li><a href=\"http:\/\/nowellia.be\/download\/revue%20nowellia\/Binder44R.pdf\" target=\"_blank\" rel=\"noopener noreferrer\">Revue N\u00b044<\/a><\/li>\n<li><a href=\"http:\/\/nowellia.be\/download\/revue%20nowellia\/Binder45.pdf\" target=\"_blank\" rel=\"noopener noreferrer\">Revue N\u00b045<\/a><\/li>\n<\/ul>\n<\/td>\n<td>\n<ul>\n<li><a href=\"http:\/\/nowellia.be\/download\/revue nowellia\/Binder46R.pdf\" target=\"_blank\" rel=\"noopener noreferrer\">Revue N\u00b046<\/a><\/li>\n<li><a href=\"http:\/\/nowellia.be\/download\/revue%20nowellia\/Binder%2047.pdf\">Revue n\u00b047<\/a><\/li>\n<li><a href=\"http:\/\/nowellia.be\/download\/revue%20nowellia\/Binder48.pdf\">Revue n\u00b048<\/a><\/li>\n<li><a href=\"http:\/\/nowellia.be\/download\/revue%20nowellia\/Binder49.pdf\" target=\"_blank\" rel=\"noopener noreferrer\">Revue n\u00b049<\/a><\/li>\n<li><a href=\"http:\/\/nowellia.be\/download\/revue%20nowellia\/Binder50.pdf\" target=\"_blank\" rel=\"noopener noreferrer\">Revue n\u00b050<\/a><\/li>\n<li><a href=\"http:\/\/nowellia.be\/download\/revue%20nowellia\/Nowellia51&amp;52.pdf\" target=\"_blank\" rel=\"noopener noreferrer\">Revue n\u00b051 &amp; 52<\/a><\/li>\n<li><a href=\"http:\/\/nowellia.be\/download\/revue%20nowellia\/Binder53&amp;54.pdf\" target=\"_blank\" rel=\"noopener noreferrer\">Revue n\u00b053 &amp; 54<\/a><\/li>\n<li><a href=\"http:\/\/nowellia.be\/download\/revue%20nowellia\/Nowellia%2055%2056%20ok.pdf\" target=\"_blank\" rel=\"noopener noreferrer\">Revue n\u00b055 &amp; 56<\/a><\/li>\n<li><a href=\"http:\/\/nowellia.be\/download\/revue%20nowellia\/Nowellia%2057.pdf\" target=\"_blank\" rel=\"noopener noreferrer\">Revue n\u00b0 57<\/a><\/li>\n<li><a href=\"http:\/\/nowellia.be\/download\/revue%20nowellia\/Nowellia 58.pdf\" target=\"_blank\" rel=\"noopener noreferrer\">Revue n\u00b0 58<\/a><\/li>\n<\/ul>\n<\/td>\n<td>\n<ul>\n<li><a href=\"http:\/\/nowellia.be\/download\/revue%20nowellia\/Nowellia%2059.pdf\" target=\" _blank\" rel=\"noopener noreferrer\">Revue N\u00b059<\/a><\/li>\n<\/ul>\n<\/td>\n<\/tr>\n<\/tbody>\n<\/table>\n<\/div>\n<p>\u00a0<\/p>\n\n<!-- wp:paragraph -->\n<p><\/p>\n<!-- \/wp:paragraph -->","_et_gb_content_width":"","sfsi_plus_gutenberg_text_before_share":"","sfsi_plus_gutenberg_show_text_before_share":"","sfsi_plus_gutenberg_icon_type":"","sfsi_plus_gutenberg_icon_alignemt":"","sfsi_plus_gutenburg_max_per_row":"","footnotes":""},"class_list":["post-272","page","type-page","status-publish","hentry"],"_links":{"self":[{"href":"http:\/\/www.nowellia.be\/en\/wp-json\/wp\/v2\/pages\/272","targetHints":{"allow":["GET"]}}],"collection":[{"href":"http:\/\/www.nowellia.be\/en\/wp-json\/wp\/v2\/pages"}],"about":[{"href":"http:\/\/www.nowellia.be\/en\/wp-json\/wp\/v2\/types\/page"}],"author":[{"embeddable":true,"href":"http:\/\/www.nowellia.be\/en\/wp-json\/wp\/v2\/users\/3"}],"replies":[{"embeddable":true,"href":"http:\/\/www.nowellia.be\/en\/wp-json\/wp\/v2\/comments?post=272"}],"version-history":[{"count":15,"href":"http:\/\/www.nowellia.be\/en\/wp-json\/wp\/v2\/pages\/272\/revisions"}],"predecessor-version":[{"id":29734,"href":"http:\/\/www.nowellia.be\/en\/wp-json\/wp\/v2\/pages\/272\/revisions\/29734"}],"wp:attachment":[{"href":"http:\/\/www.nowellia.be\/en\/wp-json\/wp\/v2\/media?parent=272"}],"curies":[{"name":"wp","href":"https:\/\/api.w.org\/{rel}","templated":true}]}}