{"id":185,"date":"2018-04-08T13:08:59","date_gmt":"2018-04-08T11:08:59","guid":{"rendered":"http:\/\/new.nowellia.be\/?page_id=185"},"modified":"2021-04-14T17:43:28","modified_gmt":"2021-04-14T15:43:28","slug":"presentation","status":"publish","type":"page","link":"http:\/\/www.nowellia.be\/en\/presentation\/","title":{"rendered":"Presentation"},"content":{"rendered":"<p>[et_pb_section fb_built=\u00a0\u00bb1&Prime; _builder_version=\u00a0\u00bb3.22&Prime;][et_pb_row column_structure=\u00a0\u00bb3_4,1_4&Prime; _builder_version=\u00a0\u00bb3.25&Prime; background_size=\u00a0\u00bbinitial\u00a0\u00bb background_position=\u00a0\u00bbtop_left\u00a0\u00bb background_repeat=\u00a0\u00bbrepeat\u00a0\u00bb][et_pb_column type=\u00a0\u00bb3_4&Prime; _builder_version=\u00a0\u00bb3.25&Prime; custom_padding=\u00a0\u00bb|||\u00a0\u00bb custom_padding__hover=\u00a0\u00bb|||\u00a0\u00bb][et_pb_text _builder_version=\u00a0\u00bb3.27.4&Prime; background_size=\u00a0\u00bbinitial\u00a0\u00bb background_position=\u00a0\u00bbtop_left\u00a0\u00bb background_repeat=\u00a0\u00bbrepeat\u00a0\u00bb]<\/p>\n<div class=\"art-post-inner\">\n<div class=\"art-postcontent\">\n<div class=\"art-article\">\n<h2>Fondation Bryologique Philippe De Zuttere:<\/h2>\n<p>Cr\u00e9\u00e9e le samedi 23 octobre 2010 par devant le Notaire Vincent DANDOY de Mariembourg. Il s\u2019agit de la volont\u00e9 de Mr. Philippe De Zuttere de doter cette fondation en vue de poursuivre les objectifs suivants :<\/p>\n<ul>\n<li>Promouvoir la bryologie en Belgique et en Europe, notamment par le biais d\u2019un prix offert \u00e0 des \u00e9tudiant(e)s dans cette discipline&nbsp;;<\/li>\n<li>Favoriser et d\u00e9velopper cette science&nbsp;;<\/li>\n<li>Promouvoir le travail bryologique de Philippe De Zuttere ainsi que son herbier.<\/li>\n<\/ul>\n<h4><em>Les activit\u00e9s qui seront r\u00e9alis\u00e9es concernent&nbsp;:<\/em><\/h4>\n<ul>\n<li>la publication des \u00e9tudes, ouvrages, documents divers en relation avec la bryologie et sous diverses formes&nbsp;;<\/li>\n<li>Actions de conservation de la nature et de l\u2019environnement en faveur des bryophytes&nbsp;;<\/li>\n<li>Etudes bryologiques en Belgique et en Europe&nbsp;;<\/li>\n<li>Aide aux \u00e9tudiant(e)s s\u2019int\u00e9ressant \u00e0 la bryologie&nbsp;;<\/li>\n<li>Organisation d\u2019\u00e9v\u00e8nements scientifiques (colloques, s\u00e9minaires,\u2026).<\/li>\n<\/ul>\n<h4>La fondation a \u00e9t\u00e9 cr\u00e9\u00e9e par les sept personnes suivantes&nbsp;:<\/h4>\n<p><em>Monsieur Philippe De Zuttere (fondateur)&nbsp;; Mesdames Mich\u00e8le Dieudonn\u00e9,&nbsp; Anne Lambert&nbsp; et Marianne Mabille ainsi que Messieurs Camille Cassimans, Olivier Roberfroid et L\u00e9on Wou\u00e9.<\/em><\/p>\n<\/div>\n<\/div>\n<div class=\"cleared\"><\/div>\n<\/div>\n<div class=\"cleared\"><\/div>\n<p>[\/et_pb_text][\/et_pb_column][et_pb_column type=\u00a0\u00bb1_4&Prime; _builder_version=\u00a0\u00bb3.25&Prime; custom_padding=\u00a0\u00bb|||\u00a0\u00bb custom_padding__hover=\u00a0\u00bb|||\u00a0\u00bb][et_pb_sidebar _builder_version=\u00a0\u00bb4.9.2&Prime; _module_preset=\u00a0\u00bbdefault\u00a0\u00bb hover_enabled=\u00a0\u00bb0&Prime; sticky_enabled=\u00a0\u00bb0&Prime;][\/et_pb_sidebar][\/et_pb_column][\/et_pb_row][\/et_pb_section]<\/p>\n","protected":false},"excerpt":{"rendered":"<p>Fondation Bryologique Philippe De Zuttere: Cr\u00e9\u00e9e le samedi 23 octobre 2010 par devant le Notaire Vincent DANDOY de Mariembourg. Il s\u2019agit de la volont\u00e9 de Mr. Philippe De Zuttere de doter cette fondation en vue de poursuivre les objectifs suivants : Promouvoir la bryologie en Belgique et en Europe, notamment par le biais d\u2019un prix [&hellip;]<\/p>\n","protected":false},"author":3,"featured_media":0,"parent":0,"menu_order":0,"comment_status":"closed","ping_status":"closed","template":"","meta":{"_et_pb_use_builder":"on","_et_pb_old_content":"<div class=\"art-post-inner\">\n<div class=\"art-postcontent\">\n<div class=\"art-article\">\n<h2>Fondation Bryologique Philippe De Zuttere:<\/h2>\nCr\u00e9\u00e9e le samedi 23 octobre 2010 par devant le Notaire Vincent DANDOY de Mariembourg. Il s\u2019agit de la volont\u00e9 de Mr. Philippe De Zuttere de doter cette fondation en vue de poursuivre les objectifs suivants :\n<ul>\n \t<li>Promouvoir la bryologie en Belgique et en Europe, notamment par le biais d\u2019un prix offert \u00e0 des \u00e9tudiant(e)s dans cette discipline&nbsp;;<\/li>\n \t<li>Favoriser et d\u00e9velopper cette science&nbsp;;<\/li>\n \t<li>Promouvoir le travail bryologique de Philippe De Zuttere ainsi que son herbier.<\/li>\n<\/ul>\n<h4><em>Les activit\u00e9s qui seront r\u00e9alis\u00e9es concernent&nbsp;:<\/em><\/h4>\n<ul>\n \t<li>la publication des \u00e9tudes, ouvrages, documents divers en relation avec la bryologie et sous diverses formes&nbsp;;<\/li>\n \t<li>Actions de conservation de la nature et de l\u2019environnement en faveur des bryophytes&nbsp;;<\/li>\n \t<li>Etudes bryologiques en Belgique et en Europe&nbsp;;<\/li>\n \t<li>Aide aux \u00e9tudiant(e)s s\u2019int\u00e9ressant \u00e0 la bryologie&nbsp;;<\/li>\n \t<li>Organisation d\u2019\u00e9v\u00e8nements scientifiques (colloques, s\u00e9minaires,\u2026).<\/li>\n<\/ul>\n<h4>La fondation a \u00e9t\u00e9 cr\u00e9\u00e9e par les sept personnes suivantes&nbsp;:<\/h4>\n<em>Monsieur Philippe De Zuttere (fondateur)&nbsp;; Mesdames Mich\u00e8le Dieudonn\u00e9,&nbsp; Anne Lambert&nbsp; et Marianne Mabille ainsi que Messieurs Camille Cassimans, Olivier Roberfroid et L\u00e9on Wou\u00e9.<\/em>\n\n<\/div>\n<\/div>\n<div class=\"cleared\"><\/div>\n<\/div>\n<div class=\"cleared\"><\/div>","_et_gb_content_width":"","sfsi_plus_gutenberg_text_before_share":"","sfsi_plus_gutenberg_show_text_before_share":"","sfsi_plus_gutenberg_icon_type":"","sfsi_plus_gutenberg_icon_alignemt":"","sfsi_plus_gutenburg_max_per_row":"","footnotes":""},"class_list":["post-185","page","type-page","status-publish","hentry"],"_links":{"self":[{"href":"http:\/\/www.nowellia.be\/en\/wp-json\/wp\/v2\/pages\/185","targetHints":{"allow":["GET"]}}],"collection":[{"href":"http:\/\/www.nowellia.be\/en\/wp-json\/wp\/v2\/pages"}],"about":[{"href":"http:\/\/www.nowellia.be\/en\/wp-json\/wp\/v2\/types\/page"}],"author":[{"embeddable":true,"href":"http:\/\/www.nowellia.be\/en\/wp-json\/wp\/v2\/users\/3"}],"replies":[{"embeddable":true,"href":"http:\/\/www.nowellia.be\/en\/wp-json\/wp\/v2\/comments?post=185"}],"version-history":[{"count":2,"href":"http:\/\/www.nowellia.be\/en\/wp-json\/wp\/v2\/pages\/185\/revisions"}],"predecessor-version":[{"id":29160,"href":"http:\/\/www.nowellia.be\/en\/wp-json\/wp\/v2\/pages\/185\/revisions\/29160"}],"wp:attachment":[{"href":"http:\/\/www.nowellia.be\/en\/wp-json\/wp\/v2\/media?parent=185"}],"curies":[{"name":"wp","href":"https:\/\/api.w.org\/{rel}","templated":true}]}}